{"id":3622,"date":"2025-10-13T01:48:47","date_gmt":"2025-10-12T23:48:47","guid":{"rendered":"https:\/\/ivana.gueb.pro\/podmienky-pouzivania\/"},"modified":"2026-04-25T14:52:58","modified_gmt":"2026-04-25T12:52:58","slug":"podmienky-pouzivania","status":"publish","type":"page","link":"https:\/\/iwannaivana.com\/sk\/podmienky-pouzivania\/","title":{"rendered":"Podmienky pou\u017e\u00edvania"},"content":{"rendered":"\n<p><strong>1. V\u0161eobecn\u00e9 inform\u00e1cie<\/strong><br>Webov\u00e1 str\u00e1nka iwannaivana.com patr\u00ed Ivane \u010cujovej, so s\u00eddlom vo \u0160vaj\u010diarsku.<\/p>\n\n\n\n<p><strong>2. Slu\u017eby<\/strong><br>Str\u00e1nka pon\u00faka osobn\u00e9 tr\u00e9ningy, skupinov\u00e9 lekcie a online coaching.<\/p>\n\n\n\n<p><strong>3. Rezerv\u00e1cie a platby<\/strong><br>Rezerv\u00e1cie prebiehaj\u00fa cez platformu Zenamu. Platba je povinn\u00e1 vopred.<\/p>\n\n\n\n<p><strong>4. Zdravie<\/strong><br>Pou\u017e\u00edvate\u013e potvrdzuje, \u017ee je fyzicky sp\u00f4sobil\u00fd.<\/p>\n\n\n\n<p><strong>5. Zodpovednos\u0165<\/strong><br>Tr\u00e9ning nesie rizik\u00e1. Spolo\u010dnos\u0165 nezodpoved\u00e1 za \u0161kody okrem hrubej nedbanlivosti.<\/p>\n\n\n\n<p><strong>6. Zru\u0161enie<\/strong><br>Podmienky zru\u0161enia s\u00fa v rezerva\u010dnom syst\u00e9me.<\/p>\n\n\n\n<p><strong>7. Du\u0161evn\u00e9 vlastn\u00edctvo<\/strong><br>Obsah je chr\u00e1nen\u00fd.<\/p>\n\n\n\n<p><strong>8. Ochrana \u00fadajov<\/strong><br>Pod\u013ea \u0161vaj\u010diarskej legislat\u00edvy.<\/p>\n\n\n\n<p><strong>9. Pr\u00e1vo<\/strong><br>\u0160vaj\u010diarske pr\u00e1vo.<\/p>\n","protected":false},"excerpt":{"rendered":"<p>1. V\u0161eobecn\u00e9 inform\u00e1cieWebov\u00e1 str\u00e1nka iwannaivana.com patr\u00ed Ivane \u010cujovej, so s\u00eddlom vo \u0160vaj\u010diarsku. 2. Slu\u017ebyStr\u00e1nka pon\u00faka osobn\u00e9 tr\u00e9ningy, skupinov\u00e9 lekcie a online coaching. 3. Rezerv\u00e1cie a platbyRezerv\u00e1cie prebiehaj\u00fa cez platformu Zenamu. Platba je povinn\u00e1 vopred. 4. ZdraviePou\u017e\u00edvate\u013e potvrdzuje, \u017ee je fyzicky sp\u00f4sobil\u00fd. 5. Zodpovednos\u0165Tr\u00e9ning nesie rizik\u00e1. Spolo\u010dnos\u0165 nezodpoved\u00e1 za \u0161kody okrem hrubej nedbanlivosti. 6. Zru\u0161eniePodmienky zru\u0161enia&#8230;<\/p>\n","protected":false},"author":2,"featured_media":0,"parent":0,"menu_order":0,"comment_status":"closed","ping_status":"closed","template":"","meta":{"inline_featured_image":false,"_kad_blocks_custom_css":"","_kad_blocks_head_custom_js":"","_kad_blocks_body_custom_js":"","_kad_blocks_footer_custom_js":"","_kad_post_transparent":"","_kad_post_title":"show","_kad_post_layout":"normal","_kad_post_sidebar_id":"","_kad_post_content_style":"unboxed","_kad_post_vertical_padding":"","_kad_post_feature":"","_kad_post_feature_position":"","_kad_post_header":false,"_kad_post_footer":false,"_kad_post_classname":"","footnotes":""},"class_list":["post-3622","page","type-page","status-publish","hentry"],"yoast_head":"<!-- This site is optimized with the Yoast SEO plugin v27.4 - https:\/\/yoast.com\/product\/yoast-seo-wordpress\/ -->\n<title>Podmienky pou\u017e\u00edvania - I wanna Ivana<\/title>\n<meta name=\"robots\" content=\"index, follow, max-snippet:-1, max-image-preview:large, max-video-preview:-1\" \/>\n<link rel=\"canonical\" href=\"https:\/\/iwannaivana.com\/sk\/podmienky-pouzivania\/\" \/>\n<meta property=\"og:locale\" content=\"sk_SK\" \/>\n<meta property=\"og:type\" content=\"article\" \/>\n<meta property=\"og:title\" content=\"Podmienky pou\u017e\u00edvania - I wanna Ivana\" \/>\n<meta property=\"og:description\" content=\"1. V\u0161eobecn\u00e9 inform\u00e1cieWebov\u00e1 str\u00e1nka iwannaivana.com patr\u00ed Ivane \u010cujovej, so s\u00eddlom vo \u0160vaj\u010diarsku. 2. Slu\u017ebyStr\u00e1nka pon\u00faka osobn\u00e9 tr\u00e9ningy, skupinov\u00e9 lekcie a online coaching. 3. Rezerv\u00e1cie a platbyRezerv\u00e1cie prebiehaj\u00fa cez platformu Zenamu. Platba je povinn\u00e1 vopred. 4. ZdraviePou\u017e\u00edvate\u013e potvrdzuje, \u017ee je fyzicky sp\u00f4sobil\u00fd. 5. Zodpovednos\u0165Tr\u00e9ning nesie rizik\u00e1. Spolo\u010dnos\u0165 nezodpoved\u00e1 za \u0161kody okrem hrubej nedbanlivosti. 6. Zru\u0161eniePodmienky zru\u0161enia...\" \/>\n<meta property=\"og:url\" content=\"https:\/\/iwannaivana.com\/sk\/podmienky-pouzivania\/\" \/>\n<meta property=\"og:site_name\" content=\"I wanna Ivana\" \/>\n<meta property=\"article:modified_time\" content=\"2026-04-25T12:52:58+00:00\" \/>\n<meta name=\"twitter:card\" content=\"summary_large_image\" \/>\n<meta name=\"twitter:label1\" content=\"Predpokladan\u00fd \u010das \u010d\u00edtania\" \/>\n\t<meta name=\"twitter:data1\" content=\"1 min\u00fata\" \/>\n<script type=\"application\/ld+json\" class=\"yoast-schema-graph\">{\"@context\":\"https:\\\/\\\/schema.org\",\"@graph\":[{\"@type\":\"WebPage\",\"@id\":\"https:\\\/\\\/iwannaivana.com\\\/sk\\\/podmienky-pouzivania\\\/\",\"url\":\"https:\\\/\\\/iwannaivana.com\\\/sk\\\/podmienky-pouzivania\\\/\",\"name\":\"Podmienky pou\u017e\u00edvania - I wanna Ivana\",\"isPartOf\":{\"@id\":\"https:\\\/\\\/iwannaivana.com\\\/sk\\\/#website\"},\"datePublished\":\"2025-10-12T23:48:47+00:00\",\"dateModified\":\"2026-04-25T12:52:58+00:00\",\"breadcrumb\":{\"@id\":\"https:\\\/\\\/iwannaivana.com\\\/sk\\\/podmienky-pouzivania\\\/#breadcrumb\"},\"inLanguage\":\"sk-SK\",\"potentialAction\":[{\"@type\":\"ReadAction\",\"target\":[\"https:\\\/\\\/iwannaivana.com\\\/sk\\\/podmienky-pouzivania\\\/\"]}]},{\"@type\":\"BreadcrumbList\",\"@id\":\"https:\\\/\\\/iwannaivana.com\\\/sk\\\/podmienky-pouzivania\\\/#breadcrumb\",\"itemListElement\":[{\"@type\":\"ListItem\",\"position\":1,\"name\":\"Home\",\"item\":\"https:\\\/\\\/iwannaivana.com\\\/sk\\\/\"},{\"@type\":\"ListItem\",\"position\":2,\"name\":\"Podmienky pou\u017e\u00edvania\"}]},{\"@type\":\"WebSite\",\"@id\":\"https:\\\/\\\/iwannaivana.com\\\/sk\\\/#website\",\"url\":\"https:\\\/\\\/iwannaivana.com\\\/sk\\\/\",\"name\":\"I wanna Ivana\",\"description\":\"Let\u2019s workout together, the best workout to get better.\",\"publisher\":{\"@id\":\"https:\\\/\\\/iwannaivana.com\\\/sk\\\/#organization\"},\"potentialAction\":[{\"@type\":\"SearchAction\",\"target\":{\"@type\":\"EntryPoint\",\"urlTemplate\":\"https:\\\/\\\/iwannaivana.com\\\/sk\\\/?s={search_term_string}\"},\"query-input\":{\"@type\":\"PropertyValueSpecification\",\"valueRequired\":true,\"valueName\":\"search_term_string\"}}],\"inLanguage\":\"sk-SK\"},{\"@type\":\"Organization\",\"@id\":\"https:\\\/\\\/iwannaivana.com\\\/sk\\\/#organization\",\"name\":\"I wanna Ivana\",\"url\":\"https:\\\/\\\/iwannaivana.com\\\/sk\\\/\",\"logo\":{\"@type\":\"ImageObject\",\"inLanguage\":\"sk-SK\",\"@id\":\"https:\\\/\\\/iwannaivana.com\\\/sk\\\/#\\\/schema\\\/logo\\\/image\\\/\",\"url\":\"https:\\\/\\\/iwannaivana.com\\\/wp-content\\\/uploads\\\/2022\\\/12\\\/logo-color.svg\",\"contentUrl\":\"https:\\\/\\\/iwannaivana.com\\\/wp-content\\\/uploads\\\/2022\\\/12\\\/logo-color.svg\",\"width\":388,\"height\":246,\"caption\":\"I wanna Ivana\"},\"image\":{\"@id\":\"https:\\\/\\\/iwannaivana.com\\\/sk\\\/#\\\/schema\\\/logo\\\/image\\\/\"}}]}<\/script>\n<!-- \/ Yoast SEO plugin. -->","yoast_head_json":{"title":"Podmienky pou\u017e\u00edvania - I wanna Ivana","robots":{"index":"index","follow":"follow","max-snippet":"max-snippet:-1","max-image-preview":"max-image-preview:large","max-video-preview":"max-video-preview:-1"},"canonical":"https:\/\/iwannaivana.com\/sk\/podmienky-pouzivania\/","og_locale":"sk_SK","og_type":"article","og_title":"Podmienky pou\u017e\u00edvania - I wanna Ivana","og_description":"1. V\u0161eobecn\u00e9 inform\u00e1cieWebov\u00e1 str\u00e1nka iwannaivana.com patr\u00ed Ivane \u010cujovej, so s\u00eddlom vo \u0160vaj\u010diarsku. 2. Slu\u017ebyStr\u00e1nka pon\u00faka osobn\u00e9 tr\u00e9ningy, skupinov\u00e9 lekcie a online coaching. 3. Rezerv\u00e1cie a platbyRezerv\u00e1cie prebiehaj\u00fa cez platformu Zenamu. Platba je povinn\u00e1 vopred. 4. ZdraviePou\u017e\u00edvate\u013e potvrdzuje, \u017ee je fyzicky sp\u00f4sobil\u00fd. 5. Zodpovednos\u0165Tr\u00e9ning nesie rizik\u00e1. Spolo\u010dnos\u0165 nezodpoved\u00e1 za \u0161kody okrem hrubej nedbanlivosti. 6. Zru\u0161eniePodmienky zru\u0161enia...","og_url":"https:\/\/iwannaivana.com\/sk\/podmienky-pouzivania\/","og_site_name":"I wanna Ivana","article_modified_time":"2026-04-25T12:52:58+00:00","twitter_card":"summary_large_image","twitter_misc":{"Predpokladan\u00fd \u010das \u010d\u00edtania":"1 min\u00fata"},"schema":{"@context":"https:\/\/schema.org","@graph":[{"@type":"WebPage","@id":"https:\/\/iwannaivana.com\/sk\/podmienky-pouzivania\/","url":"https:\/\/iwannaivana.com\/sk\/podmienky-pouzivania\/","name":"Podmienky pou\u017e\u00edvania - I wanna Ivana","isPartOf":{"@id":"https:\/\/iwannaivana.com\/sk\/#website"},"datePublished":"2025-10-12T23:48:47+00:00","dateModified":"2026-04-25T12:52:58+00:00","breadcrumb":{"@id":"https:\/\/iwannaivana.com\/sk\/podmienky-pouzivania\/#breadcrumb"},"inLanguage":"sk-SK","potentialAction":[{"@type":"ReadAction","target":["https:\/\/iwannaivana.com\/sk\/podmienky-pouzivania\/"]}]},{"@type":"BreadcrumbList","@id":"https:\/\/iwannaivana.com\/sk\/podmienky-pouzivania\/#breadcrumb","itemListElement":[{"@type":"ListItem","position":1,"name":"Home","item":"https:\/\/iwannaivana.com\/sk\/"},{"@type":"ListItem","position":2,"name":"Podmienky pou\u017e\u00edvania"}]},{"@type":"WebSite","@id":"https:\/\/iwannaivana.com\/sk\/#website","url":"https:\/\/iwannaivana.com\/sk\/","name":"I wanna Ivana","description":"Let\u2019s workout together, the best workout to get better.","publisher":{"@id":"https:\/\/iwannaivana.com\/sk\/#organization"},"potentialAction":[{"@type":"SearchAction","target":{"@type":"EntryPoint","urlTemplate":"https:\/\/iwannaivana.com\/sk\/?s={search_term_string}"},"query-input":{"@type":"PropertyValueSpecification","valueRequired":true,"valueName":"search_term_string"}}],"inLanguage":"sk-SK"},{"@type":"Organization","@id":"https:\/\/iwannaivana.com\/sk\/#organization","name":"I wanna Ivana","url":"https:\/\/iwannaivana.com\/sk\/","logo":{"@type":"ImageObject","inLanguage":"sk-SK","@id":"https:\/\/iwannaivana.com\/sk\/#\/schema\/logo\/image\/","url":"https:\/\/iwannaivana.com\/wp-content\/uploads\/2022\/12\/logo-color.svg","contentUrl":"https:\/\/iwannaivana.com\/wp-content\/uploads\/2022\/12\/logo-color.svg","width":388,"height":246,"caption":"I wanna Ivana"},"image":{"@id":"https:\/\/iwannaivana.com\/sk\/#\/schema\/logo\/image\/"}}]}},"taxonomy_info":[],"featured_image_src_large":false,"author_info":{"display_name":"yywanna@yahoo.fr","author_link":"https:\/\/iwannaivana.com\/sk\/author\/yywannayahoo-fr\/"},"comment_info":0,"_links":{"self":[{"href":"https:\/\/iwannaivana.com\/sk\/wp-json\/wp\/v2\/pages\/3622","targetHints":{"allow":["GET"]}}],"collection":[{"href":"https:\/\/iwannaivana.com\/sk\/wp-json\/wp\/v2\/pages"}],"about":[{"href":"https:\/\/iwannaivana.com\/sk\/wp-json\/wp\/v2\/types\/page"}],"author":[{"embeddable":true,"href":"https:\/\/iwannaivana.com\/sk\/wp-json\/wp\/v2\/users\/2"}],"replies":[{"embeddable":true,"href":"https:\/\/iwannaivana.com\/sk\/wp-json\/wp\/v2\/comments?post=3622"}],"version-history":[{"count":2,"href":"https:\/\/iwannaivana.com\/sk\/wp-json\/wp\/v2\/pages\/3622\/revisions"}],"predecessor-version":[{"id":4516,"href":"https:\/\/iwannaivana.com\/sk\/wp-json\/wp\/v2\/pages\/3622\/revisions\/4516"}],"wp:attachment":[{"href":"https:\/\/iwannaivana.com\/sk\/wp-json\/wp\/v2\/media?parent=3622"}],"curies":[{"name":"wp","href":"https:\/\/api.w.org\/{rel}","templated":true}]}}