{"id":3603,"date":"2025-10-13T01:49:12","date_gmt":"2025-10-12T23:49:12","guid":{"rendered":"https:\/\/ivana.gueb.pro\/cookies\/"},"modified":"2026-04-25T15:08:43","modified_gmt":"2026-04-25T13:08:43","slug":"cookies","status":"publish","type":"page","link":"https:\/\/iwannaivana.com\/sk\/cookies\/","title":{"rendered":"Cookies"},"content":{"rendered":"\n<p><strong>1. V\u0161eobecn\u00e9 inform\u00e1cie<\/strong><br>Pou\u017e\u00edvanie cookies na iwannaivana.com.<\/p>\n\n\n\n<p><strong>2. \u010co s\u00fa cookies<\/strong><br>Mal\u00e9 s\u00fabory ulo\u017een\u00e9 v zariaden\u00ed.<\/p>\n\n\n\n<p><strong>3. Typy cookies<\/strong><\/p>\n\n\n\n<ul class=\"wp-block-list\">\n<li>Nevyhnutn\u00e9<\/li>\n\n\n\n<li>Analytick\u00e9<\/li>\n\n\n\n<li>Funk\u010dn\u00e9<\/li>\n\n\n\n<li>Marketingov\u00e9 (ak sa pou\u017e\u00edvaj\u00fa)<\/li>\n<\/ul>\n\n\n\n<p><strong>4. Tretie strany<\/strong><br>Rezerva\u010dn\u00e9 syst\u00e9my, platby, analytika.<\/p>\n\n\n\n<p><strong>5. S\u00fahlas<\/strong><br>Potrebn\u00fd pre nevyhnutn\u00e9 cookies.<\/p>\n\n\n\n<p><strong>6. Spr\u00e1va<\/strong><br>Nastavenia prehliada\u010da.<\/p>\n\n\n\n<p><strong>7. Kontakt<\/strong><br>info@iwannaivana.com<\/p>\n","protected":false},"excerpt":{"rendered":"<p>1. V\u0161eobecn\u00e9 inform\u00e1ciePou\u017e\u00edvanie cookies na iwannaivana.com. 2. \u010co s\u00fa cookiesMal\u00e9 s\u00fabory ulo\u017een\u00e9 v zariaden\u00ed. 3. Typy cookies 4. Tretie stranyRezerva\u010dn\u00e9 syst\u00e9my, platby, analytika. 5. S\u00fahlasPotrebn\u00fd pre nevyhnutn\u00e9 cookies. 6. Spr\u00e1vaNastavenia prehliada\u010da. 7. Kontaktinfo@iwannaivana.com<\/p>\n","protected":false},"author":2,"featured_media":0,"parent":0,"menu_order":0,"comment_status":"closed","ping_status":"closed","template":"","meta":{"inline_featured_image":false,"_kad_blocks_custom_css":"","_kad_blocks_head_custom_js":"","_kad_blocks_body_custom_js":"","_kad_blocks_footer_custom_js":"","_kad_post_transparent":"","_kad_post_title":"show","_kad_post_layout":"normal","_kad_post_sidebar_id":"","_kad_post_content_style":"unboxed","_kad_post_vertical_padding":"","_kad_post_feature":"","_kad_post_feature_position":"","_kad_post_header":false,"_kad_post_footer":false,"_kad_post_classname":"","footnotes":""},"class_list":["post-3603","page","type-page","status-publish","hentry"],"yoast_head":"<!-- This site is optimized with the Yoast SEO plugin v27.4 - https:\/\/yoast.com\/product\/yoast-seo-wordpress\/ -->\n<title>Cookies - I wanna Ivana<\/title>\n<meta name=\"robots\" content=\"index, follow, max-snippet:-1, max-image-preview:large, max-video-preview:-1\" \/>\n<link rel=\"canonical\" href=\"https:\/\/iwannaivana.com\/sk\/cookies\/\" \/>\n<meta property=\"og:locale\" content=\"sk_SK\" \/>\n<meta property=\"og:type\" content=\"article\" \/>\n<meta property=\"og:title\" content=\"Cookies - I wanna Ivana\" \/>\n<meta property=\"og:description\" content=\"1. V\u0161eobecn\u00e9 inform\u00e1ciePou\u017e\u00edvanie cookies na iwannaivana.com. 2. \u010co s\u00fa cookiesMal\u00e9 s\u00fabory ulo\u017een\u00e9 v zariaden\u00ed. 3. Typy cookies 4. Tretie stranyRezerva\u010dn\u00e9 syst\u00e9my, platby, analytika. 5. S\u00fahlasPotrebn\u00fd pre nevyhnutn\u00e9 cookies. 6. Spr\u00e1vaNastavenia prehliada\u010da. 7. Kontaktinfo@iwannaivana.com\" \/>\n<meta property=\"og:url\" content=\"https:\/\/iwannaivana.com\/sk\/cookies\/\" \/>\n<meta property=\"og:site_name\" content=\"I wanna Ivana\" \/>\n<meta property=\"article:modified_time\" content=\"2026-04-25T13:08:43+00:00\" \/>\n<meta name=\"twitter:card\" content=\"summary_large_image\" \/>\n<meta name=\"twitter:label1\" content=\"Predpokladan\u00fd \u010das \u010d\u00edtania\" \/>\n\t<meta name=\"twitter:data1\" content=\"1 min\u00fata\" \/>\n<script type=\"application\/ld+json\" class=\"yoast-schema-graph\">{\"@context\":\"https:\\\/\\\/schema.org\",\"@graph\":[{\"@type\":\"WebPage\",\"@id\":\"https:\\\/\\\/iwannaivana.com\\\/sk\\\/cookies\\\/\",\"url\":\"https:\\\/\\\/iwannaivana.com\\\/sk\\\/cookies\\\/\",\"name\":\"Cookies - I wanna Ivana\",\"isPartOf\":{\"@id\":\"https:\\\/\\\/iwannaivana.com\\\/sk\\\/#website\"},\"datePublished\":\"2025-10-12T23:49:12+00:00\",\"dateModified\":\"2026-04-25T13:08:43+00:00\",\"breadcrumb\":{\"@id\":\"https:\\\/\\\/iwannaivana.com\\\/sk\\\/cookies\\\/#breadcrumb\"},\"inLanguage\":\"sk-SK\",\"potentialAction\":[{\"@type\":\"ReadAction\",\"target\":[\"https:\\\/\\\/iwannaivana.com\\\/sk\\\/cookies\\\/\"]}]},{\"@type\":\"BreadcrumbList\",\"@id\":\"https:\\\/\\\/iwannaivana.com\\\/sk\\\/cookies\\\/#breadcrumb\",\"itemListElement\":[{\"@type\":\"ListItem\",\"position\":1,\"name\":\"Home\",\"item\":\"https:\\\/\\\/iwannaivana.com\\\/sk\\\/\"},{\"@type\":\"ListItem\",\"position\":2,\"name\":\"Cookies\"}]},{\"@type\":\"WebSite\",\"@id\":\"https:\\\/\\\/iwannaivana.com\\\/sk\\\/#website\",\"url\":\"https:\\\/\\\/iwannaivana.com\\\/sk\\\/\",\"name\":\"I wanna Ivana\",\"description\":\"Let\u2019s workout together, the best workout to get better.\",\"publisher\":{\"@id\":\"https:\\\/\\\/iwannaivana.com\\\/sk\\\/#organization\"},\"potentialAction\":[{\"@type\":\"SearchAction\",\"target\":{\"@type\":\"EntryPoint\",\"urlTemplate\":\"https:\\\/\\\/iwannaivana.com\\\/sk\\\/?s={search_term_string}\"},\"query-input\":{\"@type\":\"PropertyValueSpecification\",\"valueRequired\":true,\"valueName\":\"search_term_string\"}}],\"inLanguage\":\"sk-SK\"},{\"@type\":\"Organization\",\"@id\":\"https:\\\/\\\/iwannaivana.com\\\/sk\\\/#organization\",\"name\":\"I wanna Ivana\",\"url\":\"https:\\\/\\\/iwannaivana.com\\\/sk\\\/\",\"logo\":{\"@type\":\"ImageObject\",\"inLanguage\":\"sk-SK\",\"@id\":\"https:\\\/\\\/iwannaivana.com\\\/sk\\\/#\\\/schema\\\/logo\\\/image\\\/\",\"url\":\"https:\\\/\\\/iwannaivana.com\\\/wp-content\\\/uploads\\\/2022\\\/12\\\/logo-color.svg\",\"contentUrl\":\"https:\\\/\\\/iwannaivana.com\\\/wp-content\\\/uploads\\\/2022\\\/12\\\/logo-color.svg\",\"width\":388,\"height\":246,\"caption\":\"I wanna Ivana\"},\"image\":{\"@id\":\"https:\\\/\\\/iwannaivana.com\\\/sk\\\/#\\\/schema\\\/logo\\\/image\\\/\"}}]}<\/script>\n<!-- \/ Yoast SEO plugin. -->","yoast_head_json":{"title":"Cookies - I wanna Ivana","robots":{"index":"index","follow":"follow","max-snippet":"max-snippet:-1","max-image-preview":"max-image-preview:large","max-video-preview":"max-video-preview:-1"},"canonical":"https:\/\/iwannaivana.com\/sk\/cookies\/","og_locale":"sk_SK","og_type":"article","og_title":"Cookies - I wanna Ivana","og_description":"1. V\u0161eobecn\u00e9 inform\u00e1ciePou\u017e\u00edvanie cookies na iwannaivana.com. 2. \u010co s\u00fa cookiesMal\u00e9 s\u00fabory ulo\u017een\u00e9 v zariaden\u00ed. 3. Typy cookies 4. Tretie stranyRezerva\u010dn\u00e9 syst\u00e9my, platby, analytika. 5. S\u00fahlasPotrebn\u00fd pre nevyhnutn\u00e9 cookies. 6. Spr\u00e1vaNastavenia prehliada\u010da. 7. Kontaktinfo@iwannaivana.com","og_url":"https:\/\/iwannaivana.com\/sk\/cookies\/","og_site_name":"I wanna Ivana","article_modified_time":"2026-04-25T13:08:43+00:00","twitter_card":"summary_large_image","twitter_misc":{"Predpokladan\u00fd \u010das \u010d\u00edtania":"1 min\u00fata"},"schema":{"@context":"https:\/\/schema.org","@graph":[{"@type":"WebPage","@id":"https:\/\/iwannaivana.com\/sk\/cookies\/","url":"https:\/\/iwannaivana.com\/sk\/cookies\/","name":"Cookies - I wanna Ivana","isPartOf":{"@id":"https:\/\/iwannaivana.com\/sk\/#website"},"datePublished":"2025-10-12T23:49:12+00:00","dateModified":"2026-04-25T13:08:43+00:00","breadcrumb":{"@id":"https:\/\/iwannaivana.com\/sk\/cookies\/#breadcrumb"},"inLanguage":"sk-SK","potentialAction":[{"@type":"ReadAction","target":["https:\/\/iwannaivana.com\/sk\/cookies\/"]}]},{"@type":"BreadcrumbList","@id":"https:\/\/iwannaivana.com\/sk\/cookies\/#breadcrumb","itemListElement":[{"@type":"ListItem","position":1,"name":"Home","item":"https:\/\/iwannaivana.com\/sk\/"},{"@type":"ListItem","position":2,"name":"Cookies"}]},{"@type":"WebSite","@id":"https:\/\/iwannaivana.com\/sk\/#website","url":"https:\/\/iwannaivana.com\/sk\/","name":"I wanna Ivana","description":"Let\u2019s workout together, the best workout to get better.","publisher":{"@id":"https:\/\/iwannaivana.com\/sk\/#organization"},"potentialAction":[{"@type":"SearchAction","target":{"@type":"EntryPoint","urlTemplate":"https:\/\/iwannaivana.com\/sk\/?s={search_term_string}"},"query-input":{"@type":"PropertyValueSpecification","valueRequired":true,"valueName":"search_term_string"}}],"inLanguage":"sk-SK"},{"@type":"Organization","@id":"https:\/\/iwannaivana.com\/sk\/#organization","name":"I wanna Ivana","url":"https:\/\/iwannaivana.com\/sk\/","logo":{"@type":"ImageObject","inLanguage":"sk-SK","@id":"https:\/\/iwannaivana.com\/sk\/#\/schema\/logo\/image\/","url":"https:\/\/iwannaivana.com\/wp-content\/uploads\/2022\/12\/logo-color.svg","contentUrl":"https:\/\/iwannaivana.com\/wp-content\/uploads\/2022\/12\/logo-color.svg","width":388,"height":246,"caption":"I wanna Ivana"},"image":{"@id":"https:\/\/iwannaivana.com\/sk\/#\/schema\/logo\/image\/"}}]}},"taxonomy_info":[],"featured_image_src_large":false,"author_info":{"display_name":"yywanna@yahoo.fr","author_link":"https:\/\/iwannaivana.com\/sk\/author\/yywannayahoo-fr\/"},"comment_info":0,"_links":{"self":[{"href":"https:\/\/iwannaivana.com\/sk\/wp-json\/wp\/v2\/pages\/3603","targetHints":{"allow":["GET"]}}],"collection":[{"href":"https:\/\/iwannaivana.com\/sk\/wp-json\/wp\/v2\/pages"}],"about":[{"href":"https:\/\/iwannaivana.com\/sk\/wp-json\/wp\/v2\/types\/page"}],"author":[{"embeddable":true,"href":"https:\/\/iwannaivana.com\/sk\/wp-json\/wp\/v2\/users\/2"}],"replies":[{"embeddable":true,"href":"https:\/\/iwannaivana.com\/sk\/wp-json\/wp\/v2\/comments?post=3603"}],"version-history":[{"count":1,"href":"https:\/\/iwannaivana.com\/sk\/wp-json\/wp\/v2\/pages\/3603\/revisions"}],"predecessor-version":[{"id":4535,"href":"https:\/\/iwannaivana.com\/sk\/wp-json\/wp\/v2\/pages\/3603\/revisions\/4535"}],"wp:attachment":[{"href":"https:\/\/iwannaivana.com\/sk\/wp-json\/wp\/v2\/media?parent=3603"}],"curies":[{"name":"wp","href":"https:\/\/api.w.org\/{rel}","templated":true}]}}