{"id":3723,"date":"2025-10-13T01:49:01","date_gmt":"2025-10-12T23:49:01","guid":{"rendered":"https:\/\/ivana.gueb.pro\/politique-de-confidentialite\/"},"modified":"2026-04-25T14:58:01","modified_gmt":"2026-04-25T12:58:01","slug":"politique-de-confidentialite","status":"publish","type":"page","link":"https:\/\/iwannaivana.com\/fr\/politique-de-confidentialite\/","title":{"rendered":"Politique de confidentialit\u00e9"},"content":{"rendered":"\n<p><strong>1. Informations g\u00e9n\u00e9rales<\/strong><br>Cette politique d\u00e9crit le traitement des donn\u00e9es par iwannaivana.com. Responsable: Ivana Cujova, Suisse.<\/p>\n\n\n\n<p><strong>2. Donn\u00e9es collect\u00e9es<\/strong><\/p>\n\n\n\n<ul class=\"wp-block-list\">\n<li>Identit\u00e9 (nom, email, t\u00e9l\u00e9phone)<\/li>\n\n\n\n<li>R\u00e9servations et paiements<\/li>\n\n\n\n<li>Donn\u00e9es de sant\u00e9 fournies volontairement<\/li>\n\n\n\n<li>Donn\u00e9es techniques (IP, cookies)<\/li>\n<\/ul>\n\n\n\n<p><strong>3. Finalit\u00e9s<\/strong><br>Gestion des services, paiements, communication, am\u00e9lioration du site.<\/p>\n\n\n\n<p><strong>4. Base l\u00e9gale<\/strong><br>Contrat, consentement, int\u00e9r\u00eat l\u00e9gitime.<\/p>\n\n\n\n<p><strong>5. Partage<\/strong><br>Plateformes de r\u00e9servation, prestataires de paiement, IT. Pas de vente de donn\u00e9es.<\/p>\n\n\n\n<p><strong>6. Conservation<\/strong><br>Dur\u00e9e limit\u00e9e aux besoins l\u00e9gaux et op\u00e9rationnels.<\/p>\n\n\n\n<p><strong>7. Droits<\/strong><br>Acc\u00e8s, rectification, suppression, opposition.<\/p>\n\n\n\n<p><strong>8. S\u00e9curit\u00e9<\/strong><br>Mesures de protection adapt\u00e9es.<\/p>\n\n\n\n<p><strong>9. Contact<\/strong><br>info@iwannaivana.com<\/p>\n","protected":false},"excerpt":{"rendered":"<p>1. Informations g\u00e9n\u00e9ralesCette politique d\u00e9crit le traitement des donn\u00e9es par iwannaivana.com. Responsable: Ivana Cujova, Suisse. 2. Donn\u00e9es collect\u00e9es 3. Finalit\u00e9sGestion des services, paiements, communication, am\u00e9lioration du site. 4. Base l\u00e9galeContrat, consentement, int\u00e9r\u00eat l\u00e9gitime. 5. PartagePlateformes de r\u00e9servation, prestataires de paiement, IT. Pas de vente de donn\u00e9es. 6. ConservationDur\u00e9e limit\u00e9e aux besoins l\u00e9gaux et op\u00e9rationnels. 7&#8230;.<\/p>\n","protected":false},"author":2,"featured_media":0,"parent":0,"menu_order":0,"comment_status":"closed","ping_status":"closed","template":"","meta":{"inline_featured_image":false,"_kad_blocks_custom_css":"","_kad_blocks_head_custom_js":"","_kad_blocks_body_custom_js":"","_kad_blocks_footer_custom_js":"","_kad_post_transparent":"","_kad_post_title":"show","_kad_post_layout":"normal","_kad_post_sidebar_id":"","_kad_post_content_style":"unboxed","_kad_post_vertical_padding":"","_kad_post_feature":"","_kad_post_feature_position":"","_kad_post_header":false,"_kad_post_footer":false,"_kad_post_classname":"","footnotes":""},"class_list":["post-3723","page","type-page","status-publish","hentry"],"yoast_head":"<!-- This site is optimized with the Yoast SEO plugin v27.4 - https:\/\/yoast.com\/product\/yoast-seo-wordpress\/ -->\n<title>Politique de confidentialit\u00e9 - I wanna Ivana<\/title>\n<meta name=\"robots\" content=\"index, follow, max-snippet:-1, max-image-preview:large, max-video-preview:-1\" \/>\n<link rel=\"canonical\" href=\"https:\/\/iwannaivana.com\/fr\/politique-de-confidentialite\/\" \/>\n<meta property=\"og:locale\" content=\"fr_FR\" \/>\n<meta property=\"og:type\" content=\"article\" \/>\n<meta property=\"og:title\" content=\"Politique de confidentialit\u00e9 - I wanna Ivana\" \/>\n<meta property=\"og:description\" content=\"1. Informations g\u00e9n\u00e9ralesCette politique d\u00e9crit le traitement des donn\u00e9es par iwannaivana.com. Responsable: Ivana Cujova, Suisse. 2. Donn\u00e9es collect\u00e9es 3. Finalit\u00e9sGestion des services, paiements, communication, am\u00e9lioration du site. 4. Base l\u00e9galeContrat, consentement, int\u00e9r\u00eat l\u00e9gitime. 5. PartagePlateformes de r\u00e9servation, prestataires de paiement, IT. Pas de vente de donn\u00e9es. 6. ConservationDur\u00e9e limit\u00e9e aux besoins l\u00e9gaux et op\u00e9rationnels. 7....\" \/>\n<meta property=\"og:url\" content=\"https:\/\/iwannaivana.com\/fr\/politique-de-confidentialite\/\" \/>\n<meta property=\"og:site_name\" content=\"I wanna Ivana\" \/>\n<meta property=\"article:modified_time\" content=\"2026-04-25T12:58:01+00:00\" \/>\n<meta name=\"twitter:card\" content=\"summary_large_image\" \/>\n<meta name=\"twitter:label1\" content=\"Dur\u00e9e de lecture estim\u00e9e\" \/>\n\t<meta name=\"twitter:data1\" content=\"1 minute\" \/>\n<script type=\"application\/ld+json\" class=\"yoast-schema-graph\">{\"@context\":\"https:\\\/\\\/schema.org\",\"@graph\":[{\"@type\":\"WebPage\",\"@id\":\"https:\\\/\\\/iwannaivana.com\\\/fr\\\/politique-de-confidentialite\\\/\",\"url\":\"https:\\\/\\\/iwannaivana.com\\\/fr\\\/politique-de-confidentialite\\\/\",\"name\":\"Politique de confidentialit\u00e9 - I wanna Ivana\",\"isPartOf\":{\"@id\":\"https:\\\/\\\/iwannaivana.com\\\/fr\\\/#website\"},\"datePublished\":\"2025-10-12T23:49:01+00:00\",\"dateModified\":\"2026-04-25T12:58:01+00:00\",\"breadcrumb\":{\"@id\":\"https:\\\/\\\/iwannaivana.com\\\/fr\\\/politique-de-confidentialite\\\/#breadcrumb\"},\"inLanguage\":\"fr-FR\",\"potentialAction\":[{\"@type\":\"ReadAction\",\"target\":[\"https:\\\/\\\/iwannaivana.com\\\/fr\\\/politique-de-confidentialite\\\/\"]}]},{\"@type\":\"BreadcrumbList\",\"@id\":\"https:\\\/\\\/iwannaivana.com\\\/fr\\\/politique-de-confidentialite\\\/#breadcrumb\",\"itemListElement\":[{\"@type\":\"ListItem\",\"position\":1,\"name\":\"Home\",\"item\":\"https:\\\/\\\/iwannaivana.com\\\/fr\\\/\"},{\"@type\":\"ListItem\",\"position\":2,\"name\":\"Politique de confidentialit\u00e9\"}]},{\"@type\":\"WebSite\",\"@id\":\"https:\\\/\\\/iwannaivana.com\\\/fr\\\/#website\",\"url\":\"https:\\\/\\\/iwannaivana.com\\\/fr\\\/\",\"name\":\"I wanna Ivana\",\"description\":\"Let\u2019s workout together, the best workout to get better.\",\"publisher\":{\"@id\":\"https:\\\/\\\/iwannaivana.com\\\/fr\\\/#organization\"},\"potentialAction\":[{\"@type\":\"SearchAction\",\"target\":{\"@type\":\"EntryPoint\",\"urlTemplate\":\"https:\\\/\\\/iwannaivana.com\\\/fr\\\/?s={search_term_string}\"},\"query-input\":{\"@type\":\"PropertyValueSpecification\",\"valueRequired\":true,\"valueName\":\"search_term_string\"}}],\"inLanguage\":\"fr-FR\"},{\"@type\":\"Organization\",\"@id\":\"https:\\\/\\\/iwannaivana.com\\\/fr\\\/#organization\",\"name\":\"I wanna Ivana\",\"url\":\"https:\\\/\\\/iwannaivana.com\\\/fr\\\/\",\"logo\":{\"@type\":\"ImageObject\",\"inLanguage\":\"fr-FR\",\"@id\":\"https:\\\/\\\/iwannaivana.com\\\/fr\\\/#\\\/schema\\\/logo\\\/image\\\/\",\"url\":\"https:\\\/\\\/iwannaivana.com\\\/wp-content\\\/uploads\\\/2022\\\/12\\\/logo-color.svg\",\"contentUrl\":\"https:\\\/\\\/iwannaivana.com\\\/wp-content\\\/uploads\\\/2022\\\/12\\\/logo-color.svg\",\"width\":388,\"height\":246,\"caption\":\"I wanna Ivana\"},\"image\":{\"@id\":\"https:\\\/\\\/iwannaivana.com\\\/fr\\\/#\\\/schema\\\/logo\\\/image\\\/\"}}]}<\/script>\n<!-- \/ Yoast SEO plugin. -->","yoast_head_json":{"title":"Politique de confidentialit\u00e9 - I wanna Ivana","robots":{"index":"index","follow":"follow","max-snippet":"max-snippet:-1","max-image-preview":"max-image-preview:large","max-video-preview":"max-video-preview:-1"},"canonical":"https:\/\/iwannaivana.com\/fr\/politique-de-confidentialite\/","og_locale":"fr_FR","og_type":"article","og_title":"Politique de confidentialit\u00e9 - I wanna Ivana","og_description":"1. Informations g\u00e9n\u00e9ralesCette politique d\u00e9crit le traitement des donn\u00e9es par iwannaivana.com. Responsable: Ivana Cujova, Suisse. 2. Donn\u00e9es collect\u00e9es 3. Finalit\u00e9sGestion des services, paiements, communication, am\u00e9lioration du site. 4. Base l\u00e9galeContrat, consentement, int\u00e9r\u00eat l\u00e9gitime. 5. PartagePlateformes de r\u00e9servation, prestataires de paiement, IT. Pas de vente de donn\u00e9es. 6. ConservationDur\u00e9e limit\u00e9e aux besoins l\u00e9gaux et op\u00e9rationnels. 7....","og_url":"https:\/\/iwannaivana.com\/fr\/politique-de-confidentialite\/","og_site_name":"I wanna Ivana","article_modified_time":"2026-04-25T12:58:01+00:00","twitter_card":"summary_large_image","twitter_misc":{"Dur\u00e9e de lecture estim\u00e9e":"1 minute"},"schema":{"@context":"https:\/\/schema.org","@graph":[{"@type":"WebPage","@id":"https:\/\/iwannaivana.com\/fr\/politique-de-confidentialite\/","url":"https:\/\/iwannaivana.com\/fr\/politique-de-confidentialite\/","name":"Politique de confidentialit\u00e9 - I wanna Ivana","isPartOf":{"@id":"https:\/\/iwannaivana.com\/fr\/#website"},"datePublished":"2025-10-12T23:49:01+00:00","dateModified":"2026-04-25T12:58:01+00:00","breadcrumb":{"@id":"https:\/\/iwannaivana.com\/fr\/politique-de-confidentialite\/#breadcrumb"},"inLanguage":"fr-FR","potentialAction":[{"@type":"ReadAction","target":["https:\/\/iwannaivana.com\/fr\/politique-de-confidentialite\/"]}]},{"@type":"BreadcrumbList","@id":"https:\/\/iwannaivana.com\/fr\/politique-de-confidentialite\/#breadcrumb","itemListElement":[{"@type":"ListItem","position":1,"name":"Home","item":"https:\/\/iwannaivana.com\/fr\/"},{"@type":"ListItem","position":2,"name":"Politique de confidentialit\u00e9"}]},{"@type":"WebSite","@id":"https:\/\/iwannaivana.com\/fr\/#website","url":"https:\/\/iwannaivana.com\/fr\/","name":"I wanna Ivana","description":"Let\u2019s workout together, the best workout to get better.","publisher":{"@id":"https:\/\/iwannaivana.com\/fr\/#organization"},"potentialAction":[{"@type":"SearchAction","target":{"@type":"EntryPoint","urlTemplate":"https:\/\/iwannaivana.com\/fr\/?s={search_term_string}"},"query-input":{"@type":"PropertyValueSpecification","valueRequired":true,"valueName":"search_term_string"}}],"inLanguage":"fr-FR"},{"@type":"Organization","@id":"https:\/\/iwannaivana.com\/fr\/#organization","name":"I wanna Ivana","url":"https:\/\/iwannaivana.com\/fr\/","logo":{"@type":"ImageObject","inLanguage":"fr-FR","@id":"https:\/\/iwannaivana.com\/fr\/#\/schema\/logo\/image\/","url":"https:\/\/iwannaivana.com\/wp-content\/uploads\/2022\/12\/logo-color.svg","contentUrl":"https:\/\/iwannaivana.com\/wp-content\/uploads\/2022\/12\/logo-color.svg","width":388,"height":246,"caption":"I wanna Ivana"},"image":{"@id":"https:\/\/iwannaivana.com\/fr\/#\/schema\/logo\/image\/"}}]}},"taxonomy_info":[],"featured_image_src_large":false,"author_info":{"display_name":"yywanna@yahoo.fr","author_link":"https:\/\/iwannaivana.com\/fr\/author\/yywannayahoo-fr\/"},"comment_info":0,"_links":{"self":[{"href":"https:\/\/iwannaivana.com\/fr\/wp-json\/wp\/v2\/pages\/3723","targetHints":{"allow":["GET"]}}],"collection":[{"href":"https:\/\/iwannaivana.com\/fr\/wp-json\/wp\/v2\/pages"}],"about":[{"href":"https:\/\/iwannaivana.com\/fr\/wp-json\/wp\/v2\/types\/page"}],"author":[{"embeddable":true,"href":"https:\/\/iwannaivana.com\/fr\/wp-json\/wp\/v2\/users\/2"}],"replies":[{"embeddable":true,"href":"https:\/\/iwannaivana.com\/fr\/wp-json\/wp\/v2\/comments?post=3723"}],"version-history":[{"count":1,"href":"https:\/\/iwannaivana.com\/fr\/wp-json\/wp\/v2\/pages\/3723\/revisions"}],"predecessor-version":[{"id":4523,"href":"https:\/\/iwannaivana.com\/fr\/wp-json\/wp\/v2\/pages\/3723\/revisions\/4523"}],"wp:attachment":[{"href":"https:\/\/iwannaivana.com\/fr\/wp-json\/wp\/v2\/media?parent=3723"}],"curies":[{"name":"wp","href":"https:\/\/api.w.org\/{rel}","templated":true}]}}