{"id":3621,"date":"2025-10-13T01:48:47","date_gmt":"2025-10-12T23:48:47","guid":{"rendered":"https:\/\/ivana.gueb.pro\/conditions-dutilisation\/"},"modified":"2026-04-25T14:53:19","modified_gmt":"2026-04-25T12:53:19","slug":"conditions-dutilisation","status":"publish","type":"page","link":"https:\/\/iwannaivana.com\/fr\/conditions-dutilisation\/","title":{"rendered":"Conditions d\u2019utilisation"},"content":{"rendered":"\n<p><strong>1. Informations g\u00e9n\u00e9rales<\/strong><br>Le site iwannaivana.com est exploit\u00e9 par I wanna Ivana, bas\u00e9e en Suisse. L\u2019utilisation du site implique l\u2019acceptation des pr\u00e9sentes conditions.<\/p>\n\n\n\n<p><strong>2. Services<\/strong><br>Le site propose des services de coaching sportif, cours collectifs et entra\u00eenement en ligne.<\/p>\n\n\n\n<p><strong>3. R\u00e9servations et paiements<\/strong><br>Les r\u00e9servations doivent \u00eatre effectu\u00e9es via la plateforme Zenamu pr\u00e9vue. Le paiement est requis avant toute participation.<\/p>\n\n\n\n<p><strong>4. Clause de sant\u00e9<\/strong><br>L\u2019utilisateur d\u00e9clare \u00eatre apte physiquement. Il lui appartient de consulter un professionnel de sant\u00e9 si n\u00e9cessaire.<\/p>\n\n\n\n<p><strong>5. Responsabilit\u00e9<\/strong><br>Les activit\u00e9s sportives comportent des risques. L\u2019entreprise d\u00e9cline toute responsabilit\u00e9 sauf en cas de faute grave.<\/p>\n\n\n\n<p><strong>6. Annulation<\/strong><br>Les conditions d\u2019annulation sont d\u00e9finies dans le syst\u00e8me de r\u00e9servation.<\/p>\n\n\n\n<p><strong>7. Propri\u00e9t\u00e9 intellectuelle<\/strong><br>Tous les contenus sont prot\u00e9g\u00e9s et ne peuvent \u00eatre utilis\u00e9s sans autorisation.<\/p>\n\n\n\n<p><strong>8. Protection des donn\u00e9es<\/strong><br>Les donn\u00e9es sont trait\u00e9es conform\u00e9ment au droit suisse.<\/p>\n\n\n\n<p><strong>9. Droit applicable<\/strong><br>Droit suisse.<\/p>\n","protected":false},"excerpt":{"rendered":"<p>1. Informations g\u00e9n\u00e9ralesLe site iwannaivana.com est exploit\u00e9 par I wanna Ivana, bas\u00e9e en Suisse. L\u2019utilisation du site implique l\u2019acceptation des pr\u00e9sentes conditions. 2. ServicesLe site propose des services de coaching sportif, cours collectifs et entra\u00eenement en ligne. 3. R\u00e9servations et paiementsLes r\u00e9servations doivent \u00eatre effectu\u00e9es via la plateforme Zenamu pr\u00e9vue. Le paiement est requis avant&#8230;<\/p>\n","protected":false},"author":2,"featured_media":0,"parent":0,"menu_order":0,"comment_status":"closed","ping_status":"closed","template":"","meta":{"inline_featured_image":false,"_kad_blocks_custom_css":"","_kad_blocks_head_custom_js":"","_kad_blocks_body_custom_js":"","_kad_blocks_footer_custom_js":"","_kad_post_transparent":"","_kad_post_title":"show","_kad_post_layout":"normal","_kad_post_sidebar_id":"","_kad_post_content_style":"unboxed","_kad_post_vertical_padding":"","_kad_post_feature":"","_kad_post_feature_position":"","_kad_post_header":false,"_kad_post_footer":false,"_kad_post_classname":"","footnotes":""},"class_list":["post-3621","page","type-page","status-publish","hentry"],"yoast_head":"<!-- This site is optimized with the Yoast SEO plugin v27.4 - https:\/\/yoast.com\/product\/yoast-seo-wordpress\/ -->\n<title>Conditions d\u2019utilisation - I wanna Ivana<\/title>\n<meta name=\"robots\" content=\"index, follow, max-snippet:-1, max-image-preview:large, max-video-preview:-1\" \/>\n<link rel=\"canonical\" href=\"https:\/\/iwannaivana.com\/fr\/conditions-dutilisation\/\" \/>\n<meta property=\"og:locale\" content=\"fr_FR\" \/>\n<meta property=\"og:type\" content=\"article\" \/>\n<meta property=\"og:title\" content=\"Conditions d\u2019utilisation - I wanna Ivana\" \/>\n<meta property=\"og:description\" content=\"1. Informations g\u00e9n\u00e9ralesLe site iwannaivana.com est exploit\u00e9 par I wanna Ivana, bas\u00e9e en Suisse. L\u2019utilisation du site implique l\u2019acceptation des pr\u00e9sentes conditions. 2. ServicesLe site propose des services de coaching sportif, cours collectifs et entra\u00eenement en ligne. 3. R\u00e9servations et paiementsLes r\u00e9servations doivent \u00eatre effectu\u00e9es via la plateforme Zenamu pr\u00e9vue. Le paiement est requis avant...\" \/>\n<meta property=\"og:url\" content=\"https:\/\/iwannaivana.com\/fr\/conditions-dutilisation\/\" \/>\n<meta property=\"og:site_name\" content=\"I wanna Ivana\" \/>\n<meta property=\"article:modified_time\" content=\"2026-04-25T12:53:19+00:00\" \/>\n<meta name=\"twitter:card\" content=\"summary_large_image\" \/>\n<meta name=\"twitter:label1\" content=\"Dur\u00e9e de lecture estim\u00e9e\" \/>\n\t<meta name=\"twitter:data1\" content=\"1 minute\" \/>\n<script type=\"application\/ld+json\" class=\"yoast-schema-graph\">{\"@context\":\"https:\\\/\\\/schema.org\",\"@graph\":[{\"@type\":\"WebPage\",\"@id\":\"https:\\\/\\\/iwannaivana.com\\\/fr\\\/conditions-dutilisation\\\/\",\"url\":\"https:\\\/\\\/iwannaivana.com\\\/fr\\\/conditions-dutilisation\\\/\",\"name\":\"Conditions d\u2019utilisation - I wanna Ivana\",\"isPartOf\":{\"@id\":\"https:\\\/\\\/iwannaivana.com\\\/fr\\\/#website\"},\"datePublished\":\"2025-10-12T23:48:47+00:00\",\"dateModified\":\"2026-04-25T12:53:19+00:00\",\"breadcrumb\":{\"@id\":\"https:\\\/\\\/iwannaivana.com\\\/fr\\\/conditions-dutilisation\\\/#breadcrumb\"},\"inLanguage\":\"fr-FR\",\"potentialAction\":[{\"@type\":\"ReadAction\",\"target\":[\"https:\\\/\\\/iwannaivana.com\\\/fr\\\/conditions-dutilisation\\\/\"]}]},{\"@type\":\"BreadcrumbList\",\"@id\":\"https:\\\/\\\/iwannaivana.com\\\/fr\\\/conditions-dutilisation\\\/#breadcrumb\",\"itemListElement\":[{\"@type\":\"ListItem\",\"position\":1,\"name\":\"Home\",\"item\":\"https:\\\/\\\/iwannaivana.com\\\/fr\\\/\"},{\"@type\":\"ListItem\",\"position\":2,\"name\":\"Conditions d\u2019utilisation\"}]},{\"@type\":\"WebSite\",\"@id\":\"https:\\\/\\\/iwannaivana.com\\\/fr\\\/#website\",\"url\":\"https:\\\/\\\/iwannaivana.com\\\/fr\\\/\",\"name\":\"I wanna Ivana\",\"description\":\"Let\u2019s workout together, the best workout to get better.\",\"publisher\":{\"@id\":\"https:\\\/\\\/iwannaivana.com\\\/fr\\\/#organization\"},\"potentialAction\":[{\"@type\":\"SearchAction\",\"target\":{\"@type\":\"EntryPoint\",\"urlTemplate\":\"https:\\\/\\\/iwannaivana.com\\\/fr\\\/?s={search_term_string}\"},\"query-input\":{\"@type\":\"PropertyValueSpecification\",\"valueRequired\":true,\"valueName\":\"search_term_string\"}}],\"inLanguage\":\"fr-FR\"},{\"@type\":\"Organization\",\"@id\":\"https:\\\/\\\/iwannaivana.com\\\/fr\\\/#organization\",\"name\":\"I wanna Ivana\",\"url\":\"https:\\\/\\\/iwannaivana.com\\\/fr\\\/\",\"logo\":{\"@type\":\"ImageObject\",\"inLanguage\":\"fr-FR\",\"@id\":\"https:\\\/\\\/iwannaivana.com\\\/fr\\\/#\\\/schema\\\/logo\\\/image\\\/\",\"url\":\"https:\\\/\\\/iwannaivana.com\\\/wp-content\\\/uploads\\\/2022\\\/12\\\/logo-color.svg\",\"contentUrl\":\"https:\\\/\\\/iwannaivana.com\\\/wp-content\\\/uploads\\\/2022\\\/12\\\/logo-color.svg\",\"width\":388,\"height\":246,\"caption\":\"I wanna Ivana\"},\"image\":{\"@id\":\"https:\\\/\\\/iwannaivana.com\\\/fr\\\/#\\\/schema\\\/logo\\\/image\\\/\"}}]}<\/script>\n<!-- \/ Yoast SEO plugin. -->","yoast_head_json":{"title":"Conditions d\u2019utilisation - I wanna Ivana","robots":{"index":"index","follow":"follow","max-snippet":"max-snippet:-1","max-image-preview":"max-image-preview:large","max-video-preview":"max-video-preview:-1"},"canonical":"https:\/\/iwannaivana.com\/fr\/conditions-dutilisation\/","og_locale":"fr_FR","og_type":"article","og_title":"Conditions d\u2019utilisation - I wanna Ivana","og_description":"1. Informations g\u00e9n\u00e9ralesLe site iwannaivana.com est exploit\u00e9 par I wanna Ivana, bas\u00e9e en Suisse. L\u2019utilisation du site implique l\u2019acceptation des pr\u00e9sentes conditions. 2. ServicesLe site propose des services de coaching sportif, cours collectifs et entra\u00eenement en ligne. 3. R\u00e9servations et paiementsLes r\u00e9servations doivent \u00eatre effectu\u00e9es via la plateforme Zenamu pr\u00e9vue. Le paiement est requis avant...","og_url":"https:\/\/iwannaivana.com\/fr\/conditions-dutilisation\/","og_site_name":"I wanna Ivana","article_modified_time":"2026-04-25T12:53:19+00:00","twitter_card":"summary_large_image","twitter_misc":{"Dur\u00e9e de lecture estim\u00e9e":"1 minute"},"schema":{"@context":"https:\/\/schema.org","@graph":[{"@type":"WebPage","@id":"https:\/\/iwannaivana.com\/fr\/conditions-dutilisation\/","url":"https:\/\/iwannaivana.com\/fr\/conditions-dutilisation\/","name":"Conditions d\u2019utilisation - I wanna Ivana","isPartOf":{"@id":"https:\/\/iwannaivana.com\/fr\/#website"},"datePublished":"2025-10-12T23:48:47+00:00","dateModified":"2026-04-25T12:53:19+00:00","breadcrumb":{"@id":"https:\/\/iwannaivana.com\/fr\/conditions-dutilisation\/#breadcrumb"},"inLanguage":"fr-FR","potentialAction":[{"@type":"ReadAction","target":["https:\/\/iwannaivana.com\/fr\/conditions-dutilisation\/"]}]},{"@type":"BreadcrumbList","@id":"https:\/\/iwannaivana.com\/fr\/conditions-dutilisation\/#breadcrumb","itemListElement":[{"@type":"ListItem","position":1,"name":"Home","item":"https:\/\/iwannaivana.com\/fr\/"},{"@type":"ListItem","position":2,"name":"Conditions d\u2019utilisation"}]},{"@type":"WebSite","@id":"https:\/\/iwannaivana.com\/fr\/#website","url":"https:\/\/iwannaivana.com\/fr\/","name":"I wanna Ivana","description":"Let\u2019s workout together, the best workout to get better.","publisher":{"@id":"https:\/\/iwannaivana.com\/fr\/#organization"},"potentialAction":[{"@type":"SearchAction","target":{"@type":"EntryPoint","urlTemplate":"https:\/\/iwannaivana.com\/fr\/?s={search_term_string}"},"query-input":{"@type":"PropertyValueSpecification","valueRequired":true,"valueName":"search_term_string"}}],"inLanguage":"fr-FR"},{"@type":"Organization","@id":"https:\/\/iwannaivana.com\/fr\/#organization","name":"I wanna Ivana","url":"https:\/\/iwannaivana.com\/fr\/","logo":{"@type":"ImageObject","inLanguage":"fr-FR","@id":"https:\/\/iwannaivana.com\/fr\/#\/schema\/logo\/image\/","url":"https:\/\/iwannaivana.com\/wp-content\/uploads\/2022\/12\/logo-color.svg","contentUrl":"https:\/\/iwannaivana.com\/wp-content\/uploads\/2022\/12\/logo-color.svg","width":388,"height":246,"caption":"I wanna Ivana"},"image":{"@id":"https:\/\/iwannaivana.com\/fr\/#\/schema\/logo\/image\/"}}]}},"taxonomy_info":[],"featured_image_src_large":false,"author_info":{"display_name":"yywanna@yahoo.fr","author_link":"https:\/\/iwannaivana.com\/fr\/author\/yywannayahoo-fr\/"},"comment_info":0,"_links":{"self":[{"href":"https:\/\/iwannaivana.com\/fr\/wp-json\/wp\/v2\/pages\/3621","targetHints":{"allow":["GET"]}}],"collection":[{"href":"https:\/\/iwannaivana.com\/fr\/wp-json\/wp\/v2\/pages"}],"about":[{"href":"https:\/\/iwannaivana.com\/fr\/wp-json\/wp\/v2\/types\/page"}],"author":[{"embeddable":true,"href":"https:\/\/iwannaivana.com\/fr\/wp-json\/wp\/v2\/users\/2"}],"replies":[{"embeddable":true,"href":"https:\/\/iwannaivana.com\/fr\/wp-json\/wp\/v2\/comments?post=3621"}],"version-history":[{"count":2,"href":"https:\/\/iwannaivana.com\/fr\/wp-json\/wp\/v2\/pages\/3621\/revisions"}],"predecessor-version":[{"id":4518,"href":"https:\/\/iwannaivana.com\/fr\/wp-json\/wp\/v2\/pages\/3621\/revisions\/4518"}],"wp:attachment":[{"href":"https:\/\/iwannaivana.com\/fr\/wp-json\/wp\/v2\/media?parent=3621"}],"curies":[{"name":"wp","href":"https:\/\/api.w.org\/{rel}","templated":true}]}}