{"id":3604,"date":"2025-10-13T01:49:12","date_gmt":"2025-10-12T23:49:12","guid":{"rendered":"https:\/\/ivana.gueb.pro\/cookies\/"},"modified":"2026-04-25T15:07:42","modified_gmt":"2026-04-25T13:07:42","slug":"cookies","status":"publish","type":"page","link":"https:\/\/iwannaivana.com\/fr\/cookies\/","title":{"rendered":"Cookies"},"content":{"rendered":"\n<p><strong>1. Informations g\u00e9n\u00e9rales<\/strong><br>Cette politique explique l\u2019utilisation des cookies sur iwannaivana.com.<\/p>\n\n\n\n<p><strong>2. D\u00e9finition<\/strong><br>Les cookies sont des fichiers stock\u00e9s sur votre appareil.<\/p>\n\n\n\n<p><strong>3. Types de cookies<\/strong><\/p>\n\n\n\n<ul class=\"wp-block-list\">\n<li>Essentiels (fonctionnement du site)<\/li>\n\n\n\n<li>Analytiques (statistiques)<\/li>\n\n\n\n<li>Fonctionnels (pr\u00e9f\u00e9rences)<\/li>\n\n\n\n<li>Marketing (publicit\u00e9, si applicable)<\/li>\n<\/ul>\n\n\n\n<p><strong>4. Tiers<\/strong><br>Plateformes de r\u00e9servation, paiement, outils d\u2019analyse.<\/p>\n\n\n\n<p><strong>5. Consentement<\/strong><br>Cookies non essentiels soumis \u00e0 consentement.<\/p>\n\n\n\n<p><strong>6. Gestion<\/strong><br>Param\u00e8tres du navigateur.<\/p>\n\n\n\n<p><strong>7. Contact<\/strong><br>info@iwannaivana.com<\/p>\n","protected":false},"excerpt":{"rendered":"<p>1. Informations g\u00e9n\u00e9ralesCette politique explique l\u2019utilisation des cookies sur iwannaivana.com. 2. D\u00e9finitionLes cookies sont des fichiers stock\u00e9s sur votre appareil. 3. Types de cookies 4. TiersPlateformes de r\u00e9servation, paiement, outils d\u2019analyse. 5. ConsentementCookies non essentiels soumis \u00e0 consentement. 6. GestionParam\u00e8tres du navigateur. 7. Contactinfo@iwannaivana.com<\/p>\n","protected":false},"author":2,"featured_media":0,"parent":0,"menu_order":0,"comment_status":"closed","ping_status":"closed","template":"","meta":{"inline_featured_image":false,"_kad_blocks_custom_css":"","_kad_blocks_head_custom_js":"","_kad_blocks_body_custom_js":"","_kad_blocks_footer_custom_js":"","_kad_post_transparent":"","_kad_post_title":"show","_kad_post_layout":"normal","_kad_post_sidebar_id":"","_kad_post_content_style":"unboxed","_kad_post_vertical_padding":"","_kad_post_feature":"","_kad_post_feature_position":"","_kad_post_header":false,"_kad_post_footer":false,"_kad_post_classname":"","footnotes":""},"class_list":["post-3604","page","type-page","status-publish","hentry"],"yoast_head":"<!-- This site is optimized with the Yoast SEO plugin v27.4 - https:\/\/yoast.com\/product\/yoast-seo-wordpress\/ -->\n<title>Cookies - I wanna Ivana<\/title>\n<meta name=\"robots\" content=\"index, follow, max-snippet:-1, max-image-preview:large, max-video-preview:-1\" \/>\n<link rel=\"canonical\" href=\"https:\/\/iwannaivana.com\/fr\/cookies\/\" \/>\n<meta property=\"og:locale\" content=\"fr_FR\" \/>\n<meta property=\"og:type\" content=\"article\" \/>\n<meta property=\"og:title\" content=\"Cookies - I wanna Ivana\" \/>\n<meta property=\"og:description\" content=\"1. Informations g\u00e9n\u00e9ralesCette politique explique l\u2019utilisation des cookies sur iwannaivana.com. 2. D\u00e9finitionLes cookies sont des fichiers stock\u00e9s sur votre appareil. 3. Types de cookies 4. TiersPlateformes de r\u00e9servation, paiement, outils d\u2019analyse. 5. ConsentementCookies non essentiels soumis \u00e0 consentement. 6. GestionParam\u00e8tres du navigateur. 7. Contactinfo@iwannaivana.com\" \/>\n<meta property=\"og:url\" content=\"https:\/\/iwannaivana.com\/fr\/cookies\/\" \/>\n<meta property=\"og:site_name\" content=\"I wanna Ivana\" \/>\n<meta property=\"article:modified_time\" content=\"2026-04-25T13:07:42+00:00\" \/>\n<meta name=\"twitter:card\" content=\"summary_large_image\" \/>\n<meta name=\"twitter:label1\" content=\"Dur\u00e9e de lecture estim\u00e9e\" \/>\n\t<meta name=\"twitter:data1\" content=\"1 minute\" \/>\n<script type=\"application\/ld+json\" class=\"yoast-schema-graph\">{\"@context\":\"https:\\\/\\\/schema.org\",\"@graph\":[{\"@type\":\"WebPage\",\"@id\":\"https:\\\/\\\/iwannaivana.com\\\/fr\\\/cookies\\\/\",\"url\":\"https:\\\/\\\/iwannaivana.com\\\/fr\\\/cookies\\\/\",\"name\":\"Cookies - I wanna Ivana\",\"isPartOf\":{\"@id\":\"https:\\\/\\\/iwannaivana.com\\\/fr\\\/#website\"},\"datePublished\":\"2025-10-12T23:49:12+00:00\",\"dateModified\":\"2026-04-25T13:07:42+00:00\",\"breadcrumb\":{\"@id\":\"https:\\\/\\\/iwannaivana.com\\\/fr\\\/cookies\\\/#breadcrumb\"},\"inLanguage\":\"fr-FR\",\"potentialAction\":[{\"@type\":\"ReadAction\",\"target\":[\"https:\\\/\\\/iwannaivana.com\\\/fr\\\/cookies\\\/\"]}]},{\"@type\":\"BreadcrumbList\",\"@id\":\"https:\\\/\\\/iwannaivana.com\\\/fr\\\/cookies\\\/#breadcrumb\",\"itemListElement\":[{\"@type\":\"ListItem\",\"position\":1,\"name\":\"Home\",\"item\":\"https:\\\/\\\/iwannaivana.com\\\/fr\\\/\"},{\"@type\":\"ListItem\",\"position\":2,\"name\":\"Cookies\"}]},{\"@type\":\"WebSite\",\"@id\":\"https:\\\/\\\/iwannaivana.com\\\/fr\\\/#website\",\"url\":\"https:\\\/\\\/iwannaivana.com\\\/fr\\\/\",\"name\":\"I wanna Ivana\",\"description\":\"Let\u2019s workout together, the best workout to get better.\",\"publisher\":{\"@id\":\"https:\\\/\\\/iwannaivana.com\\\/fr\\\/#organization\"},\"potentialAction\":[{\"@type\":\"SearchAction\",\"target\":{\"@type\":\"EntryPoint\",\"urlTemplate\":\"https:\\\/\\\/iwannaivana.com\\\/fr\\\/?s={search_term_string}\"},\"query-input\":{\"@type\":\"PropertyValueSpecification\",\"valueRequired\":true,\"valueName\":\"search_term_string\"}}],\"inLanguage\":\"fr-FR\"},{\"@type\":\"Organization\",\"@id\":\"https:\\\/\\\/iwannaivana.com\\\/fr\\\/#organization\",\"name\":\"I wanna Ivana\",\"url\":\"https:\\\/\\\/iwannaivana.com\\\/fr\\\/\",\"logo\":{\"@type\":\"ImageObject\",\"inLanguage\":\"fr-FR\",\"@id\":\"https:\\\/\\\/iwannaivana.com\\\/fr\\\/#\\\/schema\\\/logo\\\/image\\\/\",\"url\":\"https:\\\/\\\/iwannaivana.com\\\/wp-content\\\/uploads\\\/2022\\\/12\\\/logo-color.svg\",\"contentUrl\":\"https:\\\/\\\/iwannaivana.com\\\/wp-content\\\/uploads\\\/2022\\\/12\\\/logo-color.svg\",\"width\":388,\"height\":246,\"caption\":\"I wanna Ivana\"},\"image\":{\"@id\":\"https:\\\/\\\/iwannaivana.com\\\/fr\\\/#\\\/schema\\\/logo\\\/image\\\/\"}}]}<\/script>\n<!-- \/ Yoast SEO plugin. -->","yoast_head_json":{"title":"Cookies - I wanna Ivana","robots":{"index":"index","follow":"follow","max-snippet":"max-snippet:-1","max-image-preview":"max-image-preview:large","max-video-preview":"max-video-preview:-1"},"canonical":"https:\/\/iwannaivana.com\/fr\/cookies\/","og_locale":"fr_FR","og_type":"article","og_title":"Cookies - I wanna Ivana","og_description":"1. Informations g\u00e9n\u00e9ralesCette politique explique l\u2019utilisation des cookies sur iwannaivana.com. 2. D\u00e9finitionLes cookies sont des fichiers stock\u00e9s sur votre appareil. 3. Types de cookies 4. TiersPlateformes de r\u00e9servation, paiement, outils d\u2019analyse. 5. ConsentementCookies non essentiels soumis \u00e0 consentement. 6. GestionParam\u00e8tres du navigateur. 7. Contactinfo@iwannaivana.com","og_url":"https:\/\/iwannaivana.com\/fr\/cookies\/","og_site_name":"I wanna Ivana","article_modified_time":"2026-04-25T13:07:42+00:00","twitter_card":"summary_large_image","twitter_misc":{"Dur\u00e9e de lecture estim\u00e9e":"1 minute"},"schema":{"@context":"https:\/\/schema.org","@graph":[{"@type":"WebPage","@id":"https:\/\/iwannaivana.com\/fr\/cookies\/","url":"https:\/\/iwannaivana.com\/fr\/cookies\/","name":"Cookies - I wanna Ivana","isPartOf":{"@id":"https:\/\/iwannaivana.com\/fr\/#website"},"datePublished":"2025-10-12T23:49:12+00:00","dateModified":"2026-04-25T13:07:42+00:00","breadcrumb":{"@id":"https:\/\/iwannaivana.com\/fr\/cookies\/#breadcrumb"},"inLanguage":"fr-FR","potentialAction":[{"@type":"ReadAction","target":["https:\/\/iwannaivana.com\/fr\/cookies\/"]}]},{"@type":"BreadcrumbList","@id":"https:\/\/iwannaivana.com\/fr\/cookies\/#breadcrumb","itemListElement":[{"@type":"ListItem","position":1,"name":"Home","item":"https:\/\/iwannaivana.com\/fr\/"},{"@type":"ListItem","position":2,"name":"Cookies"}]},{"@type":"WebSite","@id":"https:\/\/iwannaivana.com\/fr\/#website","url":"https:\/\/iwannaivana.com\/fr\/","name":"I wanna Ivana","description":"Let\u2019s workout together, the best workout to get better.","publisher":{"@id":"https:\/\/iwannaivana.com\/fr\/#organization"},"potentialAction":[{"@type":"SearchAction","target":{"@type":"EntryPoint","urlTemplate":"https:\/\/iwannaivana.com\/fr\/?s={search_term_string}"},"query-input":{"@type":"PropertyValueSpecification","valueRequired":true,"valueName":"search_term_string"}}],"inLanguage":"fr-FR"},{"@type":"Organization","@id":"https:\/\/iwannaivana.com\/fr\/#organization","name":"I wanna Ivana","url":"https:\/\/iwannaivana.com\/fr\/","logo":{"@type":"ImageObject","inLanguage":"fr-FR","@id":"https:\/\/iwannaivana.com\/fr\/#\/schema\/logo\/image\/","url":"https:\/\/iwannaivana.com\/wp-content\/uploads\/2022\/12\/logo-color.svg","contentUrl":"https:\/\/iwannaivana.com\/wp-content\/uploads\/2022\/12\/logo-color.svg","width":388,"height":246,"caption":"I wanna Ivana"},"image":{"@id":"https:\/\/iwannaivana.com\/fr\/#\/schema\/logo\/image\/"}}]}},"taxonomy_info":[],"featured_image_src_large":false,"author_info":{"display_name":"yywanna@yahoo.fr","author_link":"https:\/\/iwannaivana.com\/fr\/author\/yywannayahoo-fr\/"},"comment_info":0,"_links":{"self":[{"href":"https:\/\/iwannaivana.com\/fr\/wp-json\/wp\/v2\/pages\/3604","targetHints":{"allow":["GET"]}}],"collection":[{"href":"https:\/\/iwannaivana.com\/fr\/wp-json\/wp\/v2\/pages"}],"about":[{"href":"https:\/\/iwannaivana.com\/fr\/wp-json\/wp\/v2\/types\/page"}],"author":[{"embeddable":true,"href":"https:\/\/iwannaivana.com\/fr\/wp-json\/wp\/v2\/users\/2"}],"replies":[{"embeddable":true,"href":"https:\/\/iwannaivana.com\/fr\/wp-json\/wp\/v2\/comments?post=3604"}],"version-history":[{"count":2,"href":"https:\/\/iwannaivana.com\/fr\/wp-json\/wp\/v2\/pages\/3604\/revisions"}],"predecessor-version":[{"id":4534,"href":"https:\/\/iwannaivana.com\/fr\/wp-json\/wp\/v2\/pages\/3604\/revisions\/4534"}],"wp:attachment":[{"href":"https:\/\/iwannaivana.com\/fr\/wp-json\/wp\/v2\/media?parent=3604"}],"curies":[{"name":"wp","href":"https:\/\/api.w.org\/{rel}","templated":true}]}}