{"id":3721,"date":"2025-10-13T01:49:01","date_gmt":"2025-10-12T23:49:01","guid":{"rendered":"https:\/\/ivana.gueb.pro\/politica-de-privacidad\/"},"modified":"2026-04-25T15:00:00","modified_gmt":"2026-04-25T13:00:00","slug":"politica-de-privacidad","status":"publish","type":"page","link":"https:\/\/iwannaivana.com\/es\/politica-de-privacidad\/","title":{"rendered":"Pol\u00edtica de privacidad"},"content":{"rendered":"\n<p><strong>1. Informaci\u00f3n general<\/strong><br>Esta pol\u00edtica describe c\u00f3mo iwannaivana.com trata los datos personales. Responsable: Ivana Cujova, Suiza.<\/p>\n\n\n\n<p><strong>2. Datos recogidos<\/strong><\/p>\n\n\n\n<ul class=\"wp-block-list\">\n<li>Identificaci\u00f3n (nombre, email, tel\u00e9fono)<\/li>\n\n\n\n<li>Reservas y pagos<\/li>\n\n\n\n<li>Datos de salud proporcionados voluntariamente<\/li>\n\n\n\n<li>Datos t\u00e9cnicos (IP, cookies)<\/li>\n<\/ul>\n\n\n\n<p><strong>3. Finalidad<\/strong><br>Gesti\u00f3n de servicios, pagos, comunicaci\u00f3n, mejora de la web.<\/p>\n\n\n\n<p><strong>4. Base legal<\/strong><br>Contrato, consentimiento, inter\u00e9s leg\u00edtimo.<\/p>\n\n\n\n<p><strong>5. Cesi\u00f3n de datos<\/strong><br>Plataformas de reservas, proveedores de pago, servicios IT. No se venden datos.<\/p>\n\n\n\n<p><strong>6. Conservaci\u00f3n<\/strong><br>Solo el tiempo necesario.<\/p>\n\n\n\n<p><strong>7. Derechos<\/strong><br>Acceso, rectificaci\u00f3n, supresi\u00f3n, limitaci\u00f3n.<\/p>\n\n\n\n<p><strong>8. Seguridad<\/strong><br>Medidas adecuadas de protecci\u00f3n.<\/p>\n\n\n\n<p><strong>9. Contacto<\/strong><br>info@iwannaivana.com<\/p>\n","protected":false},"excerpt":{"rendered":"<p>1. Informaci\u00f3n generalEsta pol\u00edtica describe c\u00f3mo iwannaivana.com trata los datos personales. Responsable: Ivana Cujova, Suiza. 2. Datos recogidos 3. FinalidadGesti\u00f3n de servicios, pagos, comunicaci\u00f3n, mejora de la web. 4. Base legalContrato, consentimiento, inter\u00e9s leg\u00edtimo. 5. Cesi\u00f3n de datosPlataformas de reservas, proveedores de pago, servicios IT. No se venden datos. 6. Conservaci\u00f3nSolo el tiempo necesario. 7&#8230;.<\/p>\n","protected":false},"author":2,"featured_media":0,"parent":0,"menu_order":0,"comment_status":"closed","ping_status":"closed","template":"","meta":{"inline_featured_image":false,"_kad_blocks_custom_css":"","_kad_blocks_head_custom_js":"","_kad_blocks_body_custom_js":"","_kad_blocks_footer_custom_js":"","_kad_post_transparent":"","_kad_post_title":"show","_kad_post_layout":"normal","_kad_post_sidebar_id":"","_kad_post_content_style":"unboxed","_kad_post_vertical_padding":"","_kad_post_feature":"","_kad_post_feature_position":"","_kad_post_header":false,"_kad_post_footer":false,"_kad_post_classname":"","footnotes":""},"class_list":["post-3721","page","type-page","status-publish","hentry"],"yoast_head":"<!-- This site is optimized with the Yoast SEO plugin v27.4 - https:\/\/yoast.com\/product\/yoast-seo-wordpress\/ -->\n<title>Pol\u00edtica de privacidad - I wanna Ivana<\/title>\n<meta name=\"robots\" content=\"index, follow, max-snippet:-1, max-image-preview:large, max-video-preview:-1\" \/>\n<link rel=\"canonical\" href=\"https:\/\/iwannaivana.com\/es\/politica-de-privacidad\/\" \/>\n<meta property=\"og:locale\" content=\"es_ES\" \/>\n<meta property=\"og:type\" content=\"article\" \/>\n<meta property=\"og:title\" content=\"Pol\u00edtica de privacidad - I wanna Ivana\" \/>\n<meta property=\"og:description\" content=\"1. Informaci\u00f3n generalEsta pol\u00edtica describe c\u00f3mo iwannaivana.com trata los datos personales. Responsable: Ivana Cujova, Suiza. 2. Datos recogidos 3. FinalidadGesti\u00f3n de servicios, pagos, comunicaci\u00f3n, mejora de la web. 4. Base legalContrato, consentimiento, inter\u00e9s leg\u00edtimo. 5. Cesi\u00f3n de datosPlataformas de reservas, proveedores de pago, servicios IT. No se venden datos. 6. Conservaci\u00f3nSolo el tiempo necesario. 7....\" \/>\n<meta property=\"og:url\" content=\"https:\/\/iwannaivana.com\/es\/politica-de-privacidad\/\" \/>\n<meta property=\"og:site_name\" content=\"I wanna Ivana\" \/>\n<meta property=\"article:modified_time\" content=\"2026-04-25T13:00:00+00:00\" \/>\n<meta name=\"twitter:card\" content=\"summary_large_image\" \/>\n<meta name=\"twitter:label1\" content=\"Tiempo de lectura\" \/>\n\t<meta name=\"twitter:data1\" content=\"1 minuto\" \/>\n<script type=\"application\/ld+json\" class=\"yoast-schema-graph\">{\"@context\":\"https:\\\/\\\/schema.org\",\"@graph\":[{\"@type\":\"WebPage\",\"@id\":\"https:\\\/\\\/iwannaivana.com\\\/es\\\/politica-de-privacidad\\\/\",\"url\":\"https:\\\/\\\/iwannaivana.com\\\/es\\\/politica-de-privacidad\\\/\",\"name\":\"Pol\u00edtica de privacidad - I wanna Ivana\",\"isPartOf\":{\"@id\":\"https:\\\/\\\/iwannaivana.com\\\/es\\\/#website\"},\"datePublished\":\"2025-10-12T23:49:01+00:00\",\"dateModified\":\"2026-04-25T13:00:00+00:00\",\"breadcrumb\":{\"@id\":\"https:\\\/\\\/iwannaivana.com\\\/es\\\/politica-de-privacidad\\\/#breadcrumb\"},\"inLanguage\":\"es\",\"potentialAction\":[{\"@type\":\"ReadAction\",\"target\":[\"https:\\\/\\\/iwannaivana.com\\\/es\\\/politica-de-privacidad\\\/\"]}]},{\"@type\":\"BreadcrumbList\",\"@id\":\"https:\\\/\\\/iwannaivana.com\\\/es\\\/politica-de-privacidad\\\/#breadcrumb\",\"itemListElement\":[{\"@type\":\"ListItem\",\"position\":1,\"name\":\"Home\",\"item\":\"https:\\\/\\\/iwannaivana.com\\\/es\\\/\"},{\"@type\":\"ListItem\",\"position\":2,\"name\":\"Pol\u00edtica de privacidad\"}]},{\"@type\":\"WebSite\",\"@id\":\"https:\\\/\\\/iwannaivana.com\\\/es\\\/#website\",\"url\":\"https:\\\/\\\/iwannaivana.com\\\/es\\\/\",\"name\":\"I wanna Ivana\",\"description\":\"Let\u2019s workout together, the best workout to get better.\",\"publisher\":{\"@id\":\"https:\\\/\\\/iwannaivana.com\\\/es\\\/#organization\"},\"potentialAction\":[{\"@type\":\"SearchAction\",\"target\":{\"@type\":\"EntryPoint\",\"urlTemplate\":\"https:\\\/\\\/iwannaivana.com\\\/es\\\/?s={search_term_string}\"},\"query-input\":{\"@type\":\"PropertyValueSpecification\",\"valueRequired\":true,\"valueName\":\"search_term_string\"}}],\"inLanguage\":\"es\"},{\"@type\":\"Organization\",\"@id\":\"https:\\\/\\\/iwannaivana.com\\\/es\\\/#organization\",\"name\":\"I wanna Ivana\",\"url\":\"https:\\\/\\\/iwannaivana.com\\\/es\\\/\",\"logo\":{\"@type\":\"ImageObject\",\"inLanguage\":\"es\",\"@id\":\"https:\\\/\\\/iwannaivana.com\\\/es\\\/#\\\/schema\\\/logo\\\/image\\\/\",\"url\":\"https:\\\/\\\/iwannaivana.com\\\/wp-content\\\/uploads\\\/2022\\\/12\\\/logo-color.svg\",\"contentUrl\":\"https:\\\/\\\/iwannaivana.com\\\/wp-content\\\/uploads\\\/2022\\\/12\\\/logo-color.svg\",\"width\":388,\"height\":246,\"caption\":\"I wanna Ivana\"},\"image\":{\"@id\":\"https:\\\/\\\/iwannaivana.com\\\/es\\\/#\\\/schema\\\/logo\\\/image\\\/\"}}]}<\/script>\n<!-- \/ Yoast SEO plugin. -->","yoast_head_json":{"title":"Pol\u00edtica de privacidad - I wanna Ivana","robots":{"index":"index","follow":"follow","max-snippet":"max-snippet:-1","max-image-preview":"max-image-preview:large","max-video-preview":"max-video-preview:-1"},"canonical":"https:\/\/iwannaivana.com\/es\/politica-de-privacidad\/","og_locale":"es_ES","og_type":"article","og_title":"Pol\u00edtica de privacidad - I wanna Ivana","og_description":"1. Informaci\u00f3n generalEsta pol\u00edtica describe c\u00f3mo iwannaivana.com trata los datos personales. Responsable: Ivana Cujova, Suiza. 2. Datos recogidos 3. FinalidadGesti\u00f3n de servicios, pagos, comunicaci\u00f3n, mejora de la web. 4. Base legalContrato, consentimiento, inter\u00e9s leg\u00edtimo. 5. Cesi\u00f3n de datosPlataformas de reservas, proveedores de pago, servicios IT. No se venden datos. 6. Conservaci\u00f3nSolo el tiempo necesario. 7....","og_url":"https:\/\/iwannaivana.com\/es\/politica-de-privacidad\/","og_site_name":"I wanna Ivana","article_modified_time":"2026-04-25T13:00:00+00:00","twitter_card":"summary_large_image","twitter_misc":{"Tiempo de lectura":"1 minuto"},"schema":{"@context":"https:\/\/schema.org","@graph":[{"@type":"WebPage","@id":"https:\/\/iwannaivana.com\/es\/politica-de-privacidad\/","url":"https:\/\/iwannaivana.com\/es\/politica-de-privacidad\/","name":"Pol\u00edtica de privacidad - I wanna Ivana","isPartOf":{"@id":"https:\/\/iwannaivana.com\/es\/#website"},"datePublished":"2025-10-12T23:49:01+00:00","dateModified":"2026-04-25T13:00:00+00:00","breadcrumb":{"@id":"https:\/\/iwannaivana.com\/es\/politica-de-privacidad\/#breadcrumb"},"inLanguage":"es","potentialAction":[{"@type":"ReadAction","target":["https:\/\/iwannaivana.com\/es\/politica-de-privacidad\/"]}]},{"@type":"BreadcrumbList","@id":"https:\/\/iwannaivana.com\/es\/politica-de-privacidad\/#breadcrumb","itemListElement":[{"@type":"ListItem","position":1,"name":"Home","item":"https:\/\/iwannaivana.com\/es\/"},{"@type":"ListItem","position":2,"name":"Pol\u00edtica de privacidad"}]},{"@type":"WebSite","@id":"https:\/\/iwannaivana.com\/es\/#website","url":"https:\/\/iwannaivana.com\/es\/","name":"I wanna Ivana","description":"Let\u2019s workout together, the best workout to get better.","publisher":{"@id":"https:\/\/iwannaivana.com\/es\/#organization"},"potentialAction":[{"@type":"SearchAction","target":{"@type":"EntryPoint","urlTemplate":"https:\/\/iwannaivana.com\/es\/?s={search_term_string}"},"query-input":{"@type":"PropertyValueSpecification","valueRequired":true,"valueName":"search_term_string"}}],"inLanguage":"es"},{"@type":"Organization","@id":"https:\/\/iwannaivana.com\/es\/#organization","name":"I wanna Ivana","url":"https:\/\/iwannaivana.com\/es\/","logo":{"@type":"ImageObject","inLanguage":"es","@id":"https:\/\/iwannaivana.com\/es\/#\/schema\/logo\/image\/","url":"https:\/\/iwannaivana.com\/wp-content\/uploads\/2022\/12\/logo-color.svg","contentUrl":"https:\/\/iwannaivana.com\/wp-content\/uploads\/2022\/12\/logo-color.svg","width":388,"height":246,"caption":"I wanna Ivana"},"image":{"@id":"https:\/\/iwannaivana.com\/es\/#\/schema\/logo\/image\/"}}]}},"taxonomy_info":[],"featured_image_src_large":false,"author_info":{"display_name":"yywanna@yahoo.fr","author_link":"https:\/\/iwannaivana.com\/es\/author\/yywannayahoo-fr\/"},"comment_info":0,"_links":{"self":[{"href":"https:\/\/iwannaivana.com\/es\/wp-json\/wp\/v2\/pages\/3721","targetHints":{"allow":["GET"]}}],"collection":[{"href":"https:\/\/iwannaivana.com\/es\/wp-json\/wp\/v2\/pages"}],"about":[{"href":"https:\/\/iwannaivana.com\/es\/wp-json\/wp\/v2\/types\/page"}],"author":[{"embeddable":true,"href":"https:\/\/iwannaivana.com\/es\/wp-json\/wp\/v2\/users\/2"}],"replies":[{"embeddable":true,"href":"https:\/\/iwannaivana.com\/es\/wp-json\/wp\/v2\/comments?post=3721"}],"version-history":[{"count":2,"href":"https:\/\/iwannaivana.com\/es\/wp-json\/wp\/v2\/pages\/3721\/revisions"}],"predecessor-version":[{"id":4525,"href":"https:\/\/iwannaivana.com\/es\/wp-json\/wp\/v2\/pages\/3721\/revisions\/4525"}],"wp:attachment":[{"href":"https:\/\/iwannaivana.com\/es\/wp-json\/wp\/v2\/media?parent=3721"}],"curies":[{"name":"wp","href":"https:\/\/api.w.org\/{rel}","templated":true}]}}