{"id":3620,"date":"2025-10-13T01:48:47","date_gmt":"2025-10-12T23:48:47","guid":{"rendered":"https:\/\/ivana.gueb.pro\/terminos-de-uso\/"},"modified":"2026-04-25T14:52:30","modified_gmt":"2026-04-25T12:52:30","slug":"terminos-de-uso","status":"publish","type":"page","link":"https:\/\/iwannaivana.com\/es\/terminos-de-uso\/","title":{"rendered":"T\u00e9rminos de uso"},"content":{"rendered":"\n<p><strong>1. Informaci\u00f3n general<\/strong><br>El sitio web iwannaivana.com es operado por Ivana Cujova, con sede en Suiza. El uso implica aceptaci\u00f3n de estos t\u00e9rminos.<\/p>\n\n\n\n<p><strong>2. Servicios<\/strong><br>Se ofrecen servicios de entrenamiento personal, clases grupales y coaching online.<\/p>\n\n\n\n<p><strong>3. Reservas y pagos<\/strong><br>Las reservas deben hacerse mediante la plataforma Zenamu. El pago es obligatorio antes de asistir.<\/p>\n\n\n\n<p><strong>4. Salud<\/strong><br>El usuario declara estar en condiciones f\u00edsicas adecuadas. Debe consultar a un profesional si tiene dudas.<\/p>\n\n\n\n<p><strong>5. Responsabilidad<\/strong><br>El entrenamiento implica riesgos. La empresa no se hace responsable salvo negligencia grave.<\/p>\n\n\n\n<p><strong>6. Cancelaciones<\/strong><br>Las condiciones est\u00e1n definidas en el sistema de reservas.<\/p>\n\n\n\n<p><strong>7. Propiedad intelectual<\/strong><br>Todo el contenido est\u00e1 protegido.<\/p>\n\n\n\n<p><strong>8. Protecci\u00f3n de datos<\/strong><br>Cumplimiento con la legislaci\u00f3n suiza.<\/p>\n\n\n\n<p><strong>9. Legislaci\u00f3n aplicable<\/strong><br>Derecho suizo.<\/p>\n","protected":false},"excerpt":{"rendered":"<p>1. Informaci\u00f3n generalEl sitio web iwannaivana.com es operado por Ivana Cujova, con sede en Suiza. El uso implica aceptaci\u00f3n de estos t\u00e9rminos. 2. ServiciosSe ofrecen servicios de entrenamiento personal, clases grupales y coaching online. 3. Reservas y pagosLas reservas deben hacerse mediante la plataforma Zenamu. El pago es obligatorio antes de asistir. 4. SaludEl usuario&#8230;<\/p>\n","protected":false},"author":2,"featured_media":0,"parent":0,"menu_order":0,"comment_status":"closed","ping_status":"closed","template":"","meta":{"inline_featured_image":false,"_kad_blocks_custom_css":"","_kad_blocks_head_custom_js":"","_kad_blocks_body_custom_js":"","_kad_blocks_footer_custom_js":"","_kad_post_transparent":"","_kad_post_title":"show","_kad_post_layout":"normal","_kad_post_sidebar_id":"","_kad_post_content_style":"unboxed","_kad_post_vertical_padding":"","_kad_post_feature":"","_kad_post_feature_position":"","_kad_post_header":false,"_kad_post_footer":false,"_kad_post_classname":"","footnotes":""},"class_list":["post-3620","page","type-page","status-publish","hentry"],"yoast_head":"<!-- This site is optimized with the Yoast SEO plugin v27.4 - https:\/\/yoast.com\/product\/yoast-seo-wordpress\/ -->\n<title>T\u00e9rminos de uso - I wanna Ivana<\/title>\n<meta name=\"robots\" content=\"index, follow, max-snippet:-1, max-image-preview:large, max-video-preview:-1\" \/>\n<link rel=\"canonical\" href=\"https:\/\/iwannaivana.com\/es\/terminos-de-uso\/\" \/>\n<meta property=\"og:locale\" content=\"es_ES\" \/>\n<meta property=\"og:type\" content=\"article\" \/>\n<meta property=\"og:title\" content=\"T\u00e9rminos de uso - I wanna Ivana\" \/>\n<meta property=\"og:description\" content=\"1. Informaci\u00f3n generalEl sitio web iwannaivana.com es operado por Ivana Cujova, con sede en Suiza. El uso implica aceptaci\u00f3n de estos t\u00e9rminos. 2. ServiciosSe ofrecen servicios de entrenamiento personal, clases grupales y coaching online. 3. Reservas y pagosLas reservas deben hacerse mediante la plataforma Zenamu. El pago es obligatorio antes de asistir. 4. SaludEl usuario...\" \/>\n<meta property=\"og:url\" content=\"https:\/\/iwannaivana.com\/es\/terminos-de-uso\/\" \/>\n<meta property=\"og:site_name\" content=\"I wanna Ivana\" \/>\n<meta property=\"article:modified_time\" content=\"2026-04-25T12:52:30+00:00\" \/>\n<meta name=\"twitter:card\" content=\"summary_large_image\" \/>\n<meta name=\"twitter:label1\" content=\"Tiempo de lectura\" \/>\n\t<meta name=\"twitter:data1\" content=\"1 minuto\" \/>\n<script type=\"application\/ld+json\" class=\"yoast-schema-graph\">{\"@context\":\"https:\\\/\\\/schema.org\",\"@graph\":[{\"@type\":\"WebPage\",\"@id\":\"https:\\\/\\\/iwannaivana.com\\\/es\\\/terminos-de-uso\\\/\",\"url\":\"https:\\\/\\\/iwannaivana.com\\\/es\\\/terminos-de-uso\\\/\",\"name\":\"T\u00e9rminos de uso - I wanna Ivana\",\"isPartOf\":{\"@id\":\"https:\\\/\\\/iwannaivana.com\\\/es\\\/#website\"},\"datePublished\":\"2025-10-12T23:48:47+00:00\",\"dateModified\":\"2026-04-25T12:52:30+00:00\",\"breadcrumb\":{\"@id\":\"https:\\\/\\\/iwannaivana.com\\\/es\\\/terminos-de-uso\\\/#breadcrumb\"},\"inLanguage\":\"es\",\"potentialAction\":[{\"@type\":\"ReadAction\",\"target\":[\"https:\\\/\\\/iwannaivana.com\\\/es\\\/terminos-de-uso\\\/\"]}]},{\"@type\":\"BreadcrumbList\",\"@id\":\"https:\\\/\\\/iwannaivana.com\\\/es\\\/terminos-de-uso\\\/#breadcrumb\",\"itemListElement\":[{\"@type\":\"ListItem\",\"position\":1,\"name\":\"Home\",\"item\":\"https:\\\/\\\/iwannaivana.com\\\/es\\\/\"},{\"@type\":\"ListItem\",\"position\":2,\"name\":\"T\u00e9rminos de uso\"}]},{\"@type\":\"WebSite\",\"@id\":\"https:\\\/\\\/iwannaivana.com\\\/es\\\/#website\",\"url\":\"https:\\\/\\\/iwannaivana.com\\\/es\\\/\",\"name\":\"I wanna Ivana\",\"description\":\"Let\u2019s workout together, the best workout to get better.\",\"publisher\":{\"@id\":\"https:\\\/\\\/iwannaivana.com\\\/es\\\/#organization\"},\"potentialAction\":[{\"@type\":\"SearchAction\",\"target\":{\"@type\":\"EntryPoint\",\"urlTemplate\":\"https:\\\/\\\/iwannaivana.com\\\/es\\\/?s={search_term_string}\"},\"query-input\":{\"@type\":\"PropertyValueSpecification\",\"valueRequired\":true,\"valueName\":\"search_term_string\"}}],\"inLanguage\":\"es\"},{\"@type\":\"Organization\",\"@id\":\"https:\\\/\\\/iwannaivana.com\\\/es\\\/#organization\",\"name\":\"I wanna Ivana\",\"url\":\"https:\\\/\\\/iwannaivana.com\\\/es\\\/\",\"logo\":{\"@type\":\"ImageObject\",\"inLanguage\":\"es\",\"@id\":\"https:\\\/\\\/iwannaivana.com\\\/es\\\/#\\\/schema\\\/logo\\\/image\\\/\",\"url\":\"https:\\\/\\\/iwannaivana.com\\\/wp-content\\\/uploads\\\/2022\\\/12\\\/logo-color.svg\",\"contentUrl\":\"https:\\\/\\\/iwannaivana.com\\\/wp-content\\\/uploads\\\/2022\\\/12\\\/logo-color.svg\",\"width\":388,\"height\":246,\"caption\":\"I wanna Ivana\"},\"image\":{\"@id\":\"https:\\\/\\\/iwannaivana.com\\\/es\\\/#\\\/schema\\\/logo\\\/image\\\/\"}}]}<\/script>\n<!-- \/ Yoast SEO plugin. -->","yoast_head_json":{"title":"T\u00e9rminos de uso - I wanna Ivana","robots":{"index":"index","follow":"follow","max-snippet":"max-snippet:-1","max-image-preview":"max-image-preview:large","max-video-preview":"max-video-preview:-1"},"canonical":"https:\/\/iwannaivana.com\/es\/terminos-de-uso\/","og_locale":"es_ES","og_type":"article","og_title":"T\u00e9rminos de uso - I wanna Ivana","og_description":"1. Informaci\u00f3n generalEl sitio web iwannaivana.com es operado por Ivana Cujova, con sede en Suiza. El uso implica aceptaci\u00f3n de estos t\u00e9rminos. 2. ServiciosSe ofrecen servicios de entrenamiento personal, clases grupales y coaching online. 3. Reservas y pagosLas reservas deben hacerse mediante la plataforma Zenamu. El pago es obligatorio antes de asistir. 4. SaludEl usuario...","og_url":"https:\/\/iwannaivana.com\/es\/terminos-de-uso\/","og_site_name":"I wanna Ivana","article_modified_time":"2026-04-25T12:52:30+00:00","twitter_card":"summary_large_image","twitter_misc":{"Tiempo de lectura":"1 minuto"},"schema":{"@context":"https:\/\/schema.org","@graph":[{"@type":"WebPage","@id":"https:\/\/iwannaivana.com\/es\/terminos-de-uso\/","url":"https:\/\/iwannaivana.com\/es\/terminos-de-uso\/","name":"T\u00e9rminos de uso - I wanna Ivana","isPartOf":{"@id":"https:\/\/iwannaivana.com\/es\/#website"},"datePublished":"2025-10-12T23:48:47+00:00","dateModified":"2026-04-25T12:52:30+00:00","breadcrumb":{"@id":"https:\/\/iwannaivana.com\/es\/terminos-de-uso\/#breadcrumb"},"inLanguage":"es","potentialAction":[{"@type":"ReadAction","target":["https:\/\/iwannaivana.com\/es\/terminos-de-uso\/"]}]},{"@type":"BreadcrumbList","@id":"https:\/\/iwannaivana.com\/es\/terminos-de-uso\/#breadcrumb","itemListElement":[{"@type":"ListItem","position":1,"name":"Home","item":"https:\/\/iwannaivana.com\/es\/"},{"@type":"ListItem","position":2,"name":"T\u00e9rminos de uso"}]},{"@type":"WebSite","@id":"https:\/\/iwannaivana.com\/es\/#website","url":"https:\/\/iwannaivana.com\/es\/","name":"I wanna Ivana","description":"Let\u2019s workout together, the best workout to get better.","publisher":{"@id":"https:\/\/iwannaivana.com\/es\/#organization"},"potentialAction":[{"@type":"SearchAction","target":{"@type":"EntryPoint","urlTemplate":"https:\/\/iwannaivana.com\/es\/?s={search_term_string}"},"query-input":{"@type":"PropertyValueSpecification","valueRequired":true,"valueName":"search_term_string"}}],"inLanguage":"es"},{"@type":"Organization","@id":"https:\/\/iwannaivana.com\/es\/#organization","name":"I wanna Ivana","url":"https:\/\/iwannaivana.com\/es\/","logo":{"@type":"ImageObject","inLanguage":"es","@id":"https:\/\/iwannaivana.com\/es\/#\/schema\/logo\/image\/","url":"https:\/\/iwannaivana.com\/wp-content\/uploads\/2022\/12\/logo-color.svg","contentUrl":"https:\/\/iwannaivana.com\/wp-content\/uploads\/2022\/12\/logo-color.svg","width":388,"height":246,"caption":"I wanna Ivana"},"image":{"@id":"https:\/\/iwannaivana.com\/es\/#\/schema\/logo\/image\/"}}]}},"taxonomy_info":[],"featured_image_src_large":false,"author_info":{"display_name":"yywanna@yahoo.fr","author_link":"https:\/\/iwannaivana.com\/es\/author\/yywannayahoo-fr\/"},"comment_info":0,"_links":{"self":[{"href":"https:\/\/iwannaivana.com\/es\/wp-json\/wp\/v2\/pages\/3620","targetHints":{"allow":["GET"]}}],"collection":[{"href":"https:\/\/iwannaivana.com\/es\/wp-json\/wp\/v2\/pages"}],"about":[{"href":"https:\/\/iwannaivana.com\/es\/wp-json\/wp\/v2\/types\/page"}],"author":[{"embeddable":true,"href":"https:\/\/iwannaivana.com\/es\/wp-json\/wp\/v2\/users\/2"}],"replies":[{"embeddable":true,"href":"https:\/\/iwannaivana.com\/es\/wp-json\/wp\/v2\/comments?post=3620"}],"version-history":[{"count":2,"href":"https:\/\/iwannaivana.com\/es\/wp-json\/wp\/v2\/pages\/3620\/revisions"}],"predecessor-version":[{"id":4517,"href":"https:\/\/iwannaivana.com\/es\/wp-json\/wp\/v2\/pages\/3620\/revisions\/4517"}],"wp:attachment":[{"href":"https:\/\/iwannaivana.com\/es\/wp-json\/wp\/v2\/media?parent=3620"}],"curies":[{"name":"wp","href":"https:\/\/api.w.org\/{rel}","templated":true}]}}